{"id":64,"date":"2024-04-23T11:12:00","date_gmt":"2024-04-23T11:12:00","guid":{"rendered":"https:\/\/mzbi.hdonline.pt\/?page_id=64"},"modified":"2024-07-29T11:14:24","modified_gmt":"2024-07-29T11:14:24","slug":"sustentabilidade","status":"publish","type":"page","link":"https:\/\/mzbi.hdonline.pt\/en\/sustentabilidade\/","title":{"rendered":"Sustentabilidade"},"content":{"rendered":"<div data-elementor-type=\"wp-page\" data-elementor-id=\"64\" class=\"elementor elementor-64\" data-elementor-post-type=\"page\">\n\t\t\t\t<div class=\"elementor-element elementor-element-67e78c3 e-con-full elementor-hidden-mobile e-flex e-con e-parent\" data-id=\"67e78c3\" data-element_type=\"container\" data-settings=\"{&quot;background_background&quot;:&quot;slideshow&quot;,&quot;background_slideshow_gallery&quot;:[{&quot;id&quot;:25,&quot;url&quot;:&quot;https:\\\/\\\/mzbi.hdonline.pt\\\/wp-content\\\/uploads\\\/2024\\\/04\\\/teste-home-banner-mzbi-1920-ziped.jpg&quot;},{&quot;id&quot;:148,&quot;url&quot;:&quot;https:\\\/\\\/mzbi.hdonline.pt\\\/wp-content\\\/uploads\\\/2024\\\/05\\\/16x9_07_logos.webp&quot;},{&quot;id&quot;:149,&quot;url&quot;:&quot;https:\\\/\\\/mzbi.hdonline.pt\\\/wp-content\\\/uploads\\\/2024\\\/05\\\/16x9_08_logos.webp&quot;}],&quot;background_slideshow_slide_duration&quot;:3500,&quot;background_slideshow_ken_burns&quot;:&quot;yes&quot;,&quot;background_slideshow_loop&quot;:&quot;yes&quot;,&quot;background_slideshow_slide_transition&quot;:&quot;fade&quot;,&quot;background_slideshow_transition_duration&quot;:500,&quot;background_slideshow_ken_burns_zoom_direction&quot;:&quot;in&quot;,&quot;background_motion_fx_devices&quot;:[&quot;desktop&quot;,&quot;tablet&quot;,&quot;mobile&quot;]}\">\n\t\t\t\t<\/div>\n\t\t<div class=\"elementor-element elementor-element-dd0f5e4 e-con-full elementor-hidden-desktop elementor-hidden-tablet e-flex e-con e-parent\" data-id=\"dd0f5e4\" data-element_type=\"container\" data-settings=\"{&quot;background_background&quot;:&quot;slideshow&quot;,&quot;background_slideshow_gallery&quot;:[{&quot;id&quot;:20,&quot;url&quot;:&quot;https:\\\/\\\/mzbi.hdonline.pt\\\/wp-content\\\/uploads\\\/2024\\\/04\\\/IMG_0803-Edit.jpg&quot;},{&quot;id&quot;:18,&quot;url&quot;:&quot;https:\\\/\\\/mzbi.hdonline.pt\\\/wp-content\\\/uploads\\\/2024\\\/04\\\/IMG_0796.jpg&quot;},{&quot;id&quot;:16,&quot;url&quot;:&quot;https:\\\/\\\/mzbi.hdonline.pt\\\/wp-content\\\/uploads\\\/2024\\\/04\\\/IMG_0704.jpg&quot;}],&quot;background_slideshow_slide_duration&quot;:3500,&quot;background_slideshow_loop&quot;:&quot;yes&quot;,&quot;background_slideshow_slide_transition&quot;:&quot;fade&quot;,&quot;background_slideshow_transition_duration&quot;:500,&quot;background_motion_fx_devices&quot;:[&quot;desktop&quot;,&quot;tablet&quot;,&quot;mobile&quot;]}\">\n\t\t\t\t<\/div>\n\t\t<div class=\"elementor-element elementor-element-c26bbe0 e-flex e-con-boxed e-con e-parent\" data-id=\"c26bbe0\" data-element_type=\"container\">\n\t\t\t\t\t<div class=\"e-con-inner\">\n\t\t\t\t<div class=\"elementor-element elementor-element-6e12973 elementor-widget elementor-widget-heading\" data-id=\"6e12973\" data-element_type=\"widget\" data-widget_type=\"heading.default\">\n\t\t\t\t<div class=\"elementor-widget-container\">\n\t\t\t\t\t<h2 class=\"elementor-heading-title elementor-size-default\">SUSTENTABILIDADE<\/h2>\t\t\t\t<\/div>\n\t\t\t\t<\/div>\n\t\t\t\t<div class=\"elementor-element elementor-element-1a9eef6 elementor-widget elementor-widget-text-editor\" data-id=\"1a9eef6\" data-element_type=\"widget\" data-widget_type=\"text-editor.default\">\n\t\t\t\t<div class=\"elementor-widget-container\">\n\t\t\t\t\t\t\t\t\t<p>A Massimo Zanetti Beverage Iberia, acredita que o futuro do caf\u00e9 depende de pr\u00e1ticas sustent\u00e1veis que respeitem o ambiente, as comunidades e a economia. O compromisso com a sustentabilidade \u00e9 refletido em cada etapa do processo produtivo, desde a planta\u00e7\u00e3o do gr\u00e3o at\u00e9 \u00e0 ch\u00e1vena de caf\u00e9. Aqui est\u00e3o os principais pontos da abordagem sustent\u00e1vel da MZBI:<\/p><p>\u00a0<\/p><p><strong>Agricultura Sustent\u00e1vel<\/strong><\/p><p>A Massimo Zanetti det\u00e9m a maior fazenda de planta\u00e7\u00e3o de caf\u00e9 situada no Rio de Janeiro. Apoia pr\u00e1ticas agr\u00edcolas que promovem a biodiversidade, a conserva\u00e7\u00e3o do solo e a utiliza\u00e7\u00e3o respons\u00e1vel dos recursos h\u00eddricos.<\/p><p><strong>Redu\u00e7\u00e3o de Emiss\u00f5es<\/strong><\/p><p>A Massimo Zanetti Beverage Iberia est\u00e1 empenhada em reduzir a pegada de carbono. Com a implementa\u00e7\u00e3o de tecnologias inovadoras, a MZBI consegue minimizar as emiss\u00f5es de CO2 nas opera\u00e7\u00f5es, desde a torrefa\u00e7\u00e3o do caf\u00e9 at\u00e9 \u00e0 log\u00edstica e distribui\u00e7\u00e3o. Promovendo ainda o uso de energias renov\u00e1veis nas instala\u00e7\u00f5es.<\/p><p><strong>Uso de Pain\u00e9is Solares<\/strong><\/p><p>A f\u00e1brica da Massimo Zanetti Beverage Iberia situada na Venda Nova \u00e9 um exemplo do compromisso com a sustentabilidade. A f\u00e1brica est\u00e1 equipada com pain\u00e9is solares, reduzindo significativamente o consumo de energia proveniente de fontes n\u00e3o-renov\u00e1veis e diminuindo a pegada de carbono.<\/p><p><strong>Frota com Carros H\u00edbridos e El\u00e9tricos<\/strong><\/p><p>Para complementar os esfor\u00e7os de redu\u00e7\u00e3o de emiss\u00f5es, a MZBI est\u00e1 a transformar a frota de ve\u00edculos, adotando carros h\u00edbridos e el\u00e9tricos. Esta mudan\u00e7a contribui para a diminui\u00e7\u00e3o das emiss\u00f5es de CO2, refor\u00e7ando o compromisso com um futuro mais verde.<\/p><p><strong>Projeto de Reciclagem de C\u00e1psulas AICC<\/strong><\/p><p>A Massimo Zanetti est\u00e1 orgulhosa de participar no Projeto de Reciclagem de C\u00e1psulas, uma iniciativa em colabora\u00e7\u00e3o com mais 10 marcas de caf\u00e9 e a Associa\u00e7\u00e3o Industrial e Comercial de Caf\u00e9 (AICC). Este projeto j\u00e1 est\u00e1 ativo em sete munic\u00edpios: Lisboa, Cascais, Cantanhede, Moita, Almada, Vila Nova de Famalic\u00e3o e Guimar\u00e3es, facilitando a reciclagem de c\u00e1psulas usadas e promovendo a economia circular.<\/p><p><strong>C\u00e1psulas de alum\u00ednio 100% recicl\u00e1vel<\/strong><\/p><p>As c\u00e1psulas das marcas Nicola e Chave d\u2019Ouro s\u00e3o feitas de alum\u00ednio 100% recicl\u00e1vel, na dire\u00e7\u00e3o de uma experi\u00eancia de caf\u00e9 mais sustent\u00e1vel.<\/p><p>O compromisso com a sustentabilidade \u00e9 evidente em cada ch\u00e1vena que desfruta do seu caf\u00e9. \u00c9 por isso um passo significativo em dire\u00e7\u00e3o \u00e0 mudan\u00e7a, devido ao impacto que as c\u00e1psulas de caf\u00e9 de uso \u00fanico podem ter no meio ambiente.<\/p><p><strong>Materiais de esplanada<\/strong><\/p><p>A Massimo Zanetti atrav\u00e9s das suas 3 marcas cria espa\u00e7os que n\u00e3o s\u00f3 inspiram, mas tamb\u00e9m t\u00eam um impacto positivo no planeta. \u00c9 realizada uma cuidadosa sele\u00e7\u00e3o dos materiais, tendo como objetivo garantir que cada passo \u00e9 em dire\u00e7\u00e3o a um futuro mais verde.<\/p><p>Para quem procura uma escolha ainda mais ecol\u00f3gica, os nossos materiais compostos reciclados oferecem a combina\u00e7\u00e3o perfeita de estilo e sustentabilidade.<\/p>\t\t\t\t\t\t\t\t<\/div>\n\t\t\t\t<\/div>\n\t\t\t\t\t<\/div>\n\t\t\t\t<\/div>\n\t\t\t\t<\/div>","protected":false},"excerpt":{"rendered":"<p>SUSTENTABILIDADE A Massimo Zanetti Beverage Iberia, acredita que o futuro do caf\u00e9 depende de pr\u00e1ticas sustent\u00e1veis que respeitem o ambiente, as comunidades e a economia. O compromisso com a sustentabilidade \u00e9 refletido em cada etapa do processo produtivo, desde a planta\u00e7\u00e3o do gr\u00e3o at\u00e9 \u00e0 ch\u00e1vena de caf\u00e9. Aqui est\u00e3o os principais pontos da abordagem [&hellip;]<\/p>","protected":false},"author":1,"featured_media":0,"parent":0,"menu_order":0,"comment_status":"closed","ping_status":"closed","template":"","meta":{"footnotes":""},"class_list":["post-64","page","type-page","status-publish","hentry"],"yoast_head":"<!-- This site is optimized with the Yoast SEO plugin v24.0 - https:\/\/yoast.com\/wordpress\/plugins\/seo\/ -->\n<title>Sustentabilidade - MZBI - Massimo Zanetti Beverage Ib\u00e9ria<\/title>\n<meta name=\"robots\" content=\"index, follow, max-snippet:-1, max-image-preview:large, max-video-preview:-1\" \/>\n<link rel=\"canonical\" href=\"https:\/\/mzbi.hdonline.pt\/en\/sustentabilidade\/\" \/>\n<meta property=\"og:locale\" content=\"en_GB\" \/>\n<meta property=\"og:type\" content=\"article\" \/>\n<meta property=\"og:title\" content=\"Sustentabilidade - MZBI - Massimo Zanetti Beverage Ib\u00e9ria\" \/>\n<meta property=\"og:description\" content=\"SUSTENTABILIDADE A Massimo Zanetti Beverage Iberia, acredita que o futuro do caf\u00e9 depende de pr\u00e1ticas sustent\u00e1veis que respeitem o ambiente, as comunidades e a economia. O compromisso com a sustentabilidade \u00e9 refletido em cada etapa do processo produtivo, desde a planta\u00e7\u00e3o do gr\u00e3o at\u00e9 \u00e0 ch\u00e1vena de caf\u00e9. Aqui est\u00e3o os principais pontos da abordagem [&hellip;]\" \/>\n<meta property=\"og:url\" content=\"https:\/\/mzbi.hdonline.pt\/en\/sustentabilidade\/\" \/>\n<meta property=\"og:site_name\" content=\"MZBI - Massimo Zanetti Beverage Ib\u00e9ria\" \/>\n<meta property=\"article:modified_time\" content=\"2024-07-29T11:14:24+00:00\" \/>\n<meta name=\"twitter:card\" content=\"summary_large_image\" \/>\n<meta name=\"twitter:label1\" content=\"Estimated reading time\" \/>\n\t<meta name=\"twitter:data1\" content=\"2 minutes\" \/>\n<script type=\"application\/ld+json\" class=\"yoast-schema-graph\">{\"@context\":\"https:\/\/schema.org\",\"@graph\":[{\"@type\":\"WebPage\",\"@id\":\"https:\/\/mzbi.hdonline.pt\/sustentabilidade\/\",\"url\":\"https:\/\/mzbi.hdonline.pt\/sustentabilidade\/\",\"name\":\"Sustentabilidade - MZBI - Massimo Zanetti Beverage Ib\u00e9ria\",\"isPartOf\":{\"@id\":\"https:\/\/mzbi.hdonline.pt\/#website\"},\"datePublished\":\"2024-04-23T11:12:00+00:00\",\"dateModified\":\"2024-07-29T11:14:24+00:00\",\"breadcrumb\":{\"@id\":\"https:\/\/mzbi.hdonline.pt\/sustentabilidade\/#breadcrumb\"},\"inLanguage\":\"en-GB\",\"potentialAction\":[{\"@type\":\"ReadAction\",\"target\":[\"https:\/\/mzbi.hdonline.pt\/sustentabilidade\/\"]}]},{\"@type\":\"BreadcrumbList\",\"@id\":\"https:\/\/mzbi.hdonline.pt\/sustentabilidade\/#breadcrumb\",\"itemListElement\":[{\"@type\":\"ListItem\",\"position\":1,\"name\":\"Home\",\"item\":\"https:\/\/mzbi.hdonline.pt\/\"},{\"@type\":\"ListItem\",\"position\":2,\"name\":\"Sustentabilidade\"}]},{\"@type\":\"WebSite\",\"@id\":\"https:\/\/mzbi.hdonline.pt\/#website\",\"url\":\"https:\/\/mzbi.hdonline.pt\/\",\"name\":\"MZBI - Massimo Zanetti Beverage Ib\u00e9ria\",\"description\":\"\",\"publisher\":{\"@id\":\"https:\/\/mzbi.hdonline.pt\/#organization\"},\"potentialAction\":[{\"@type\":\"SearchAction\",\"target\":{\"@type\":\"EntryPoint\",\"urlTemplate\":\"https:\/\/mzbi.hdonline.pt\/?s={search_term_string}\"},\"query-input\":{\"@type\":\"PropertyValueSpecification\",\"valueRequired\":true,\"valueName\":\"search_term_string\"}}],\"inLanguage\":\"en-GB\"},{\"@type\":\"Organization\",\"@id\":\"https:\/\/mzbi.hdonline.pt\/#organization\",\"name\":\"MZBI - Massimo Zanetti Beverage Ib\u00e9ria\",\"url\":\"https:\/\/mzbi.hdonline.pt\/\",\"logo\":{\"@type\":\"ImageObject\",\"inLanguage\":\"en-GB\",\"@id\":\"https:\/\/mzbi.hdonline.pt\/#\/schema\/logo\/image\/\",\"url\":\"https:\/\/mzbi.hdonline.pt\/wp-content\/uploads\/2024\/04\/cropped-logo-256-1.jpg\",\"contentUrl\":\"https:\/\/mzbi.hdonline.pt\/wp-content\/uploads\/2024\/04\/cropped-logo-256-1.jpg\",\"width\":256,\"height\":118,\"caption\":\"MZBI - Massimo Zanetti Beverage Ib\u00e9ria\"},\"image\":{\"@id\":\"https:\/\/mzbi.hdonline.pt\/#\/schema\/logo\/image\/\"}}]}<\/script>\n<!-- \/ Yoast SEO plugin. -->","yoast_head_json":{"title":"Sustentabilidade - MZBI - Massimo Zanetti Beverage Ib\u00e9ria","robots":{"index":"index","follow":"follow","max-snippet":"max-snippet:-1","max-image-preview":"max-image-preview:large","max-video-preview":"max-video-preview:-1"},"canonical":"https:\/\/mzbi.hdonline.pt\/en\/sustentabilidade\/","og_locale":"en_GB","og_type":"article","og_title":"Sustentabilidade - MZBI - Massimo Zanetti Beverage Ib\u00e9ria","og_description":"SUSTENTABILIDADE A Massimo Zanetti Beverage Iberia, acredita que o futuro do caf\u00e9 depende de pr\u00e1ticas sustent\u00e1veis que respeitem o ambiente, as comunidades e a economia. O compromisso com a sustentabilidade \u00e9 refletido em cada etapa do processo produtivo, desde a planta\u00e7\u00e3o do gr\u00e3o at\u00e9 \u00e0 ch\u00e1vena de caf\u00e9. Aqui est\u00e3o os principais pontos da abordagem [&hellip;]","og_url":"https:\/\/mzbi.hdonline.pt\/en\/sustentabilidade\/","og_site_name":"MZBI - Massimo Zanetti Beverage Ib\u00e9ria","article_modified_time":"2024-07-29T11:14:24+00:00","twitter_card":"summary_large_image","twitter_misc":{"Estimated reading time":"2 minutes"},"schema":{"@context":"https:\/\/schema.org","@graph":[{"@type":"WebPage","@id":"https:\/\/mzbi.hdonline.pt\/sustentabilidade\/","url":"https:\/\/mzbi.hdonline.pt\/sustentabilidade\/","name":"Sustentabilidade - MZBI - Massimo Zanetti Beverage Ib\u00e9ria","isPartOf":{"@id":"https:\/\/mzbi.hdonline.pt\/#website"},"datePublished":"2024-04-23T11:12:00+00:00","dateModified":"2024-07-29T11:14:24+00:00","breadcrumb":{"@id":"https:\/\/mzbi.hdonline.pt\/sustentabilidade\/#breadcrumb"},"inLanguage":"en-GB","potentialAction":[{"@type":"ReadAction","target":["https:\/\/mzbi.hdonline.pt\/sustentabilidade\/"]}]},{"@type":"BreadcrumbList","@id":"https:\/\/mzbi.hdonline.pt\/sustentabilidade\/#breadcrumb","itemListElement":[{"@type":"ListItem","position":1,"name":"Home","item":"https:\/\/mzbi.hdonline.pt\/"},{"@type":"ListItem","position":2,"name":"Sustentabilidade"}]},{"@type":"WebSite","@id":"https:\/\/mzbi.hdonline.pt\/#website","url":"https:\/\/mzbi.hdonline.pt\/","name":"MZBI - Massimo Zanetti Beverage Ib\u00e9ria","description":"","publisher":{"@id":"https:\/\/mzbi.hdonline.pt\/#organization"},"potentialAction":[{"@type":"SearchAction","target":{"@type":"EntryPoint","urlTemplate":"https:\/\/mzbi.hdonline.pt\/?s={search_term_string}"},"query-input":{"@type":"PropertyValueSpecification","valueRequired":true,"valueName":"search_term_string"}}],"inLanguage":"en-GB"},{"@type":"Organization","@id":"https:\/\/mzbi.hdonline.pt\/#organization","name":"MZBI - Massimo Zanetti Beverage Ib\u00e9ria","url":"https:\/\/mzbi.hdonline.pt\/","logo":{"@type":"ImageObject","inLanguage":"en-GB","@id":"https:\/\/mzbi.hdonline.pt\/#\/schema\/logo\/image\/","url":"https:\/\/mzbi.hdonline.pt\/wp-content\/uploads\/2024\/04\/cropped-logo-256-1.jpg","contentUrl":"https:\/\/mzbi.hdonline.pt\/wp-content\/uploads\/2024\/04\/cropped-logo-256-1.jpg","width":256,"height":118,"caption":"MZBI - Massimo Zanetti Beverage Ib\u00e9ria"},"image":{"@id":"https:\/\/mzbi.hdonline.pt\/#\/schema\/logo\/image\/"}}]}},"_links":{"self":[{"href":"https:\/\/mzbi.hdonline.pt\/en\/wp-json\/wp\/v2\/pages\/64","targetHints":{"allow":["GET"]}}],"collection":[{"href":"https:\/\/mzbi.hdonline.pt\/en\/wp-json\/wp\/v2\/pages"}],"about":[{"href":"https:\/\/mzbi.hdonline.pt\/en\/wp-json\/wp\/v2\/types\/page"}],"author":[{"embeddable":true,"href":"https:\/\/mzbi.hdonline.pt\/en\/wp-json\/wp\/v2\/users\/1"}],"replies":[{"embeddable":true,"href":"https:\/\/mzbi.hdonline.pt\/en\/wp-json\/wp\/v2\/comments?post=64"}],"version-history":[{"count":7,"href":"https:\/\/mzbi.hdonline.pt\/en\/wp-json\/wp\/v2\/pages\/64\/revisions"}],"predecessor-version":[{"id":248,"href":"https:\/\/mzbi.hdonline.pt\/en\/wp-json\/wp\/v2\/pages\/64\/revisions\/248"}],"wp:attachment":[{"href":"https:\/\/mzbi.hdonline.pt\/en\/wp-json\/wp\/v2\/media?parent=64"}],"curies":[{"name":"wp","href":"https:\/\/api.w.org\/{rel}","templated":true}]}}