{"id":59,"date":"2024-04-23T11:11:34","date_gmt":"2024-04-23T11:11:34","guid":{"rendered":"https:\/\/mzbi.hdonline.pt\/?page_id=59"},"modified":"2024-07-29T11:42:17","modified_gmt":"2024-07-29T11:42:17","slug":"universidade-do-cafe","status":"publish","type":"page","link":"https:\/\/mzbi.hdonline.pt\/en\/universidade-do-cafe\/","title":{"rendered":"Universidade do Caf\u00e9"},"content":{"rendered":"<div data-elementor-type=\"wp-page\" data-elementor-id=\"59\" class=\"elementor elementor-59\" data-elementor-post-type=\"page\">\n\t\t\t\t<div class=\"elementor-element elementor-element-2736800 e-con-full elementor-hidden-mobile e-flex e-con e-parent\" data-id=\"2736800\" data-element_type=\"container\" data-settings=\"{&quot;background_background&quot;:&quot;slideshow&quot;,&quot;background_slideshow_gallery&quot;:[{&quot;id&quot;:25,&quot;url&quot;:&quot;https:\\\/\\\/mzbi.hdonline.pt\\\/wp-content\\\/uploads\\\/2024\\\/04\\\/teste-home-banner-mzbi-1920-ziped.jpg&quot;},{&quot;id&quot;:148,&quot;url&quot;:&quot;https:\\\/\\\/mzbi.hdonline.pt\\\/wp-content\\\/uploads\\\/2024\\\/05\\\/16x9_07_logos.webp&quot;},{&quot;id&quot;:149,&quot;url&quot;:&quot;https:\\\/\\\/mzbi.hdonline.pt\\\/wp-content\\\/uploads\\\/2024\\\/05\\\/16x9_08_logos.webp&quot;}],&quot;background_slideshow_slide_duration&quot;:3500,&quot;background_slideshow_ken_burns&quot;:&quot;yes&quot;,&quot;background_slideshow_loop&quot;:&quot;yes&quot;,&quot;background_slideshow_slide_transition&quot;:&quot;fade&quot;,&quot;background_slideshow_transition_duration&quot;:500,&quot;background_slideshow_ken_burns_zoom_direction&quot;:&quot;in&quot;,&quot;background_motion_fx_devices&quot;:[&quot;desktop&quot;,&quot;tablet&quot;,&quot;mobile&quot;]}\">\n\t\t\t\t<\/div>\n\t\t<div class=\"elementor-element elementor-element-455d36e e-con-full elementor-hidden-desktop elementor-hidden-tablet e-flex e-con e-parent\" data-id=\"455d36e\" data-element_type=\"container\" data-settings=\"{&quot;background_background&quot;:&quot;slideshow&quot;,&quot;background_slideshow_gallery&quot;:[{&quot;id&quot;:20,&quot;url&quot;:&quot;https:\\\/\\\/mzbi.hdonline.pt\\\/wp-content\\\/uploads\\\/2024\\\/04\\\/IMG_0803-Edit.jpg&quot;},{&quot;id&quot;:18,&quot;url&quot;:&quot;https:\\\/\\\/mzbi.hdonline.pt\\\/wp-content\\\/uploads\\\/2024\\\/04\\\/IMG_0796.jpg&quot;},{&quot;id&quot;:16,&quot;url&quot;:&quot;https:\\\/\\\/mzbi.hdonline.pt\\\/wp-content\\\/uploads\\\/2024\\\/04\\\/IMG_0704.jpg&quot;}],&quot;background_slideshow_slide_duration&quot;:3500,&quot;background_slideshow_loop&quot;:&quot;yes&quot;,&quot;background_slideshow_slide_transition&quot;:&quot;fade&quot;,&quot;background_slideshow_transition_duration&quot;:500,&quot;background_motion_fx_devices&quot;:[&quot;desktop&quot;,&quot;tablet&quot;,&quot;mobile&quot;]}\">\n\t\t\t\t<\/div>\n\t\t<div class=\"elementor-element elementor-element-62e1931 e-flex e-con-boxed e-con e-parent\" data-id=\"62e1931\" data-element_type=\"container\">\n\t\t\t\t\t<div class=\"e-con-inner\">\n\t\t\t\t<div class=\"elementor-element elementor-element-8fc4459 elementor-widget elementor-widget-heading\" data-id=\"8fc4459\" data-element_type=\"widget\" data-widget_type=\"heading.default\">\n\t\t\t\t<div class=\"elementor-widget-container\">\n\t\t\t\t\t<h2 class=\"elementor-heading-title elementor-size-default\">UNIVERSIDADE DO CAF\u00c9<\/h2>\t\t\t\t<\/div>\n\t\t\t\t<\/div>\n\t\t\t\t<div class=\"elementor-element elementor-element-2c4d558 elementor-widget elementor-widget-text-editor\" data-id=\"2c4d558\" data-element_type=\"widget\" data-widget_type=\"text-editor.default\">\n\t\t\t\t<div class=\"elementor-widget-container\">\n\t\t\t\t\t\t\t\t\t<p>A Universidade do Caf\u00e9 \u00e9 um projeto emblem\u00e1tico da Massimo Zanetti Beverage Iberia, criado para promover a cultura do caf\u00e9 e elevar o conhecimento sobre esta bebida t\u00e3o apreciada.<\/p><p>Fundada em 2009, a Universidade do Caf\u00e9 come\u00e7ou por ser um recurso exclusivo para os colaboradores da MZBI, capacitando-os com um conhecimento profundo sobre o universo do caf\u00e9, desde o cultivo at\u00e9 \u00e0 produ\u00e7\u00e3o e confe\u00e7\u00e3o.<\/p><p>Em 2011, esta valiosa forma\u00e7\u00e3o passou a ser partilhada com os nossos clientes.<\/p><p>Nos \u00faltimos anos, a arte do caf\u00e9 tem ganho um reconhecimento crescente. O cuidado e a paix\u00e3o dedicados ao cultivo, processamento e prepara\u00e7\u00e3o do caf\u00e9 refletem-se numa experi\u00eancia que vai al\u00e9m do simples ato de beber. Este aumento de interesse e apre\u00e7o pelo caf\u00e9 levou a um crescimento significativo do n\u00famero de participantes na nossa Universidade.<\/p><p>Se tem interesse em expandir os seus conhecimentos e fazer parte desta experi\u00eancia enriquecedora, convidamo-lo a informar-se junto do seu representante da Massimo Zanetti Beverage Iberia. Inscreva-se na pr\u00f3xima turma e junte-se a uma comunidade apaixonada pelo caf\u00e9.<\/p><p>A Universidade do Caf\u00e9, est\u00e1 dedicada a transformar a forma como o caf\u00e9 \u00e9 apreciado e partilhado, uma ch\u00e1vena de cada vez.<\/p>\t\t\t\t\t\t\t\t<\/div>\n\t\t\t\t<\/div>\n\t\t\t\t<div class=\"elementor-element elementor-element-064d26a elementor-widget elementor-widget-image\" data-id=\"064d26a\" data-element_type=\"widget\" data-widget_type=\"image.default\">\n\t\t\t\t<div class=\"elementor-widget-container\">\n\t\t\t\t\t\t\t\t\t\t\t\t\t\t\t<img fetchpriority=\"high\" decoding=\"async\" width=\"800\" height=\"450\" src=\"https:\/\/mzbi.hdonline.pt\/wp-content\/uploads\/2024\/07\/16x9_08_logos-1024x576.webp\" class=\"attachment-large size-large wp-image-222\" alt=\"\" srcset=\"https:\/\/mzbi.hdonline.pt\/wp-content\/uploads\/2024\/07\/16x9_08_logos-1024x576.webp 1024w, https:\/\/mzbi.hdonline.pt\/wp-content\/uploads\/2024\/07\/16x9_08_logos-300x169.webp 300w, https:\/\/mzbi.hdonline.pt\/wp-content\/uploads\/2024\/07\/16x9_08_logos-768x432.webp 768w, https:\/\/mzbi.hdonline.pt\/wp-content\/uploads\/2024\/07\/16x9_08_logos-1536x864.webp 1536w, https:\/\/mzbi.hdonline.pt\/wp-content\/uploads\/2024\/07\/16x9_08_logos-18x10.webp 18w, https:\/\/mzbi.hdonline.pt\/wp-content\/uploads\/2024\/07\/16x9_08_logos.webp 1920w\" sizes=\"(max-width: 800px) 100vw, 800px\" \/>\t\t\t\t\t\t\t\t\t\t\t\t\t\t\t<\/div>\n\t\t\t\t<\/div>\n\t\t\t\t<div class=\"elementor-element elementor-element-61c4b64 elementor-widget elementor-widget-heading\" data-id=\"61c4b64\" data-element_type=\"widget\" data-widget_type=\"heading.default\">\n\t\t\t\t<div class=\"elementor-widget-container\">\n\t\t\t\t\t<h3 class=\"elementor-heading-title elementor-size-default\">Fale connosco<\/h3>\t\t\t\t<\/div>\n\t\t\t\t<\/div>\n\t\t\t\t<div class=\"elementor-element elementor-element-c173299 elementor-widget elementor-widget-text-editor\" data-id=\"c173299\" data-element_type=\"widget\" data-widget_type=\"text-editor.default\">\n\t\t\t\t<div class=\"elementor-widget-container\">\n\t\t\t\t\t\t\t\t\t<p class=\"elementor-heading-title elementor-size-default\">Deixe-nos a sua mensagem, responderemos o mais breve poss\u00edvel. Preencha o formul\u00e1rio abaixo.<\/p><p>Obrigado.<\/p>\t\t\t\t\t\t\t\t<\/div>\n\t\t\t\t<\/div>\n\t\t\t\t<div class=\"elementor-element elementor-element-2f54a1e elementor-button-align-center elementor-widget elementor-widget-form\" data-id=\"2f54a1e\" data-element_type=\"widget\" data-settings=\"{&quot;step_next_label&quot;:&quot;Next&quot;,&quot;step_previous_label&quot;:&quot;Previous&quot;,&quot;button_width&quot;:&quot;100&quot;,&quot;step_type&quot;:&quot;number_text&quot;,&quot;step_icon_shape&quot;:&quot;circle&quot;}\" data-widget_type=\"form.default\">\n\t\t\t\t<div class=\"elementor-widget-container\">\n\t\t\t\t\t\t\t<form class=\"elementor-form\" method=\"post\" name=\"New Form\">\n\t\t\t<input type=\"hidden\" name=\"post_id\" value=\"59\"\/>\n\t\t\t<input type=\"hidden\" name=\"form_id\" value=\"2f54a1e\"\/>\n\t\t\t<input type=\"hidden\" name=\"referer_title\" value=\"Universidade do Caf\u00e9 - MZBI - Massimo Zanetti Beverage Ib\u00e9ria\" \/>\n\n\t\t\t\t\t\t\t<input type=\"hidden\" name=\"queried_id\" value=\"59\"\/>\n\t\t\t\n\t\t\t<div class=\"elementor-form-fields-wrapper elementor-labels-above\">\n\t\t\t\t\t\t\t\t<div class=\"elementor-field-type-text elementor-field-group elementor-column elementor-field-group-name elementor-col-100 elementor-field-required\">\n\t\t\t\t\t\t\t\t\t\t\t\t\t<input size=\"1\" type=\"text\" name=\"form_fields[name]\" id=\"form-field-name\" class=\"elementor-field elementor-size-sm  elementor-field-textual\" placeholder=\"Nome:\" required=\"required\" aria-required=\"true\">\n\t\t\t\t\t\t\t\t\t\t\t<\/div>\n\t\t\t\t\t\t\t\t<div class=\"elementor-field-type-email elementor-field-group elementor-column elementor-field-group-email elementor-col-100 elementor-field-required\">\n\t\t\t\t\t\t\t\t\t\t\t\t\t<input size=\"1\" type=\"email\" name=\"form_fields[email]\" id=\"form-field-email\" class=\"elementor-field elementor-size-sm  elementor-field-textual\" placeholder=\"Email:\" required=\"required\" aria-required=\"true\">\n\t\t\t\t\t\t\t\t\t\t\t<\/div>\n\t\t\t\t\t\t\t\t<div class=\"elementor-field-type-text elementor-field-group elementor-column elementor-field-group-field_f80fd81 elementor-col-100 elementor-field-required\">\n\t\t\t\t\t\t\t\t\t\t\t\t\t<input size=\"1\" type=\"text\" name=\"form_fields[field_f80fd81]\" id=\"form-field-field_f80fd81\" class=\"elementor-field elementor-size-sm  elementor-field-textual\" placeholder=\"Telefone:\" required=\"required\" aria-required=\"true\">\n\t\t\t\t\t\t\t\t\t\t\t<\/div>\n\t\t\t\t\t\t\t\t<div class=\"elementor-field-type-textarea elementor-field-group elementor-column elementor-field-group-message elementor-col-100 elementor-field-required\">\n\t\t\t\t\t<textarea class=\"elementor-field-textual elementor-field  elementor-size-sm\" name=\"form_fields[message]\" id=\"form-field-message\" rows=\"4\" placeholder=\"Mensagem:\" required=\"required\" aria-required=\"true\"><\/textarea>\t\t\t\t<\/div>\n\t\t\t\t\t\t\t\t<div class=\"elementor-field-group elementor-column elementor-field-type-submit elementor-col-100 e-form__buttons\">\n\t\t\t\t\t<button class=\"elementor-button elementor-size-sm\" type=\"submit\">\n\t\t\t\t\t\t<span class=\"elementor-button-content-wrapper\">\n\t\t\t\t\t\t\t\t\t\t\t\t\t\t\t\t\t\t\t\t\t\t<span class=\"elementor-button-text\">ENVIAR<\/span>\n\t\t\t\t\t\t\t\t\t\t\t\t\t<\/span>\n\t\t\t\t\t<\/button>\n\t\t\t\t<\/div>\n\t\t\t<\/div>\n\t\t<input type=\"hidden\" name=\"trp-form-language\" value=\"en\"\/><\/form>\n\t\t\t\t\t\t<\/div>\n\t\t\t\t<\/div>\n\t\t\t\t\t<\/div>\n\t\t\t\t<\/div>\n\t\t\t\t<\/div>","protected":false},"excerpt":{"rendered":"<p>UNIVERSIDADE DO CAF\u00c9 A Universidade do Caf\u00e9 \u00e9 um projeto emblem\u00e1tico da Massimo Zanetti Beverage Iberia, criado para promover a cultura do caf\u00e9 e elevar o conhecimento sobre esta bebida t\u00e3o apreciada. Fundada em 2009, a Universidade do Caf\u00e9 come\u00e7ou por ser um recurso exclusivo para os colaboradores da MZBI, capacitando-os com um conhecimento profundo [&hellip;]<\/p>","protected":false},"author":1,"featured_media":0,"parent":0,"menu_order":0,"comment_status":"closed","ping_status":"closed","template":"","meta":{"footnotes":""},"class_list":["post-59","page","type-page","status-publish","hentry"],"yoast_head":"<!-- This site is optimized with the Yoast SEO plugin v24.0 - https:\/\/yoast.com\/wordpress\/plugins\/seo\/ -->\n<title>Universidade do Caf\u00e9 - MZBI - Massimo Zanetti Beverage Ib\u00e9ria<\/title>\n<meta name=\"robots\" content=\"index, follow, max-snippet:-1, max-image-preview:large, max-video-preview:-1\" \/>\n<link rel=\"canonical\" href=\"https:\/\/mzbi.hdonline.pt\/en\/universidade-do-cafe\/\" \/>\n<meta property=\"og:locale\" content=\"en_GB\" \/>\n<meta property=\"og:type\" content=\"article\" \/>\n<meta property=\"og:title\" content=\"Universidade do Caf\u00e9 - MZBI - Massimo Zanetti Beverage Ib\u00e9ria\" \/>\n<meta property=\"og:description\" content=\"UNIVERSIDADE DO CAF\u00c9 A Universidade do Caf\u00e9 \u00e9 um projeto emblem\u00e1tico da Massimo Zanetti Beverage Iberia, criado para promover a cultura do caf\u00e9 e elevar o conhecimento sobre esta bebida t\u00e3o apreciada. Fundada em 2009, a Universidade do Caf\u00e9 come\u00e7ou por ser um recurso exclusivo para os colaboradores da MZBI, capacitando-os com um conhecimento profundo [&hellip;]\" \/>\n<meta property=\"og:url\" content=\"https:\/\/mzbi.hdonline.pt\/en\/universidade-do-cafe\/\" \/>\n<meta property=\"og:site_name\" content=\"MZBI - Massimo Zanetti Beverage Ib\u00e9ria\" \/>\n<meta property=\"article:modified_time\" content=\"2024-07-29T11:42:17+00:00\" \/>\n<meta property=\"og:image\" content=\"https:\/\/mzbi.hdonline.pt\/wp-content\/uploads\/2024\/07\/16x9_08_logos-1024x576.webp\" \/>\n<meta name=\"twitter:card\" content=\"summary_large_image\" \/>\n<meta name=\"twitter:label1\" content=\"Estimated reading time\" \/>\n\t<meta name=\"twitter:data1\" content=\"2 minutes\" \/>\n<script type=\"application\/ld+json\" class=\"yoast-schema-graph\">{\"@context\":\"https:\/\/schema.org\",\"@graph\":[{\"@type\":\"WebPage\",\"@id\":\"https:\/\/mzbi.hdonline.pt\/universidade-do-cafe\/\",\"url\":\"https:\/\/mzbi.hdonline.pt\/universidade-do-cafe\/\",\"name\":\"Universidade do Caf\u00e9 - MZBI - Massimo Zanetti Beverage Ib\u00e9ria\",\"isPartOf\":{\"@id\":\"https:\/\/mzbi.hdonline.pt\/#website\"},\"primaryImageOfPage\":{\"@id\":\"https:\/\/mzbi.hdonline.pt\/universidade-do-cafe\/#primaryimage\"},\"image\":{\"@id\":\"https:\/\/mzbi.hdonline.pt\/universidade-do-cafe\/#primaryimage\"},\"thumbnailUrl\":\"https:\/\/mzbi.hdonline.pt\/wp-content\/uploads\/2024\/07\/16x9_08_logos-1024x576.webp\",\"datePublished\":\"2024-04-23T11:11:34+00:00\",\"dateModified\":\"2024-07-29T11:42:17+00:00\",\"breadcrumb\":{\"@id\":\"https:\/\/mzbi.hdonline.pt\/universidade-do-cafe\/#breadcrumb\"},\"inLanguage\":\"en-GB\",\"potentialAction\":[{\"@type\":\"ReadAction\",\"target\":[\"https:\/\/mzbi.hdonline.pt\/universidade-do-cafe\/\"]}]},{\"@type\":\"ImageObject\",\"inLanguage\":\"en-GB\",\"@id\":\"https:\/\/mzbi.hdonline.pt\/universidade-do-cafe\/#primaryimage\",\"url\":\"https:\/\/mzbi.hdonline.pt\/wp-content\/uploads\/2024\/07\/16x9_08_logos-1024x576.webp\",\"contentUrl\":\"https:\/\/mzbi.hdonline.pt\/wp-content\/uploads\/2024\/07\/16x9_08_logos-1024x576.webp\"},{\"@type\":\"BreadcrumbList\",\"@id\":\"https:\/\/mzbi.hdonline.pt\/universidade-do-cafe\/#breadcrumb\",\"itemListElement\":[{\"@type\":\"ListItem\",\"position\":1,\"name\":\"Home\",\"item\":\"https:\/\/mzbi.hdonline.pt\/\"},{\"@type\":\"ListItem\",\"position\":2,\"name\":\"Universidade do Caf\u00e9\"}]},{\"@type\":\"WebSite\",\"@id\":\"https:\/\/mzbi.hdonline.pt\/#website\",\"url\":\"https:\/\/mzbi.hdonline.pt\/\",\"name\":\"MZBI - Massimo Zanetti Beverage Ib\u00e9ria\",\"description\":\"\",\"publisher\":{\"@id\":\"https:\/\/mzbi.hdonline.pt\/#organization\"},\"potentialAction\":[{\"@type\":\"SearchAction\",\"target\":{\"@type\":\"EntryPoint\",\"urlTemplate\":\"https:\/\/mzbi.hdonline.pt\/?s={search_term_string}\"},\"query-input\":{\"@type\":\"PropertyValueSpecification\",\"valueRequired\":true,\"valueName\":\"search_term_string\"}}],\"inLanguage\":\"en-GB\"},{\"@type\":\"Organization\",\"@id\":\"https:\/\/mzbi.hdonline.pt\/#organization\",\"name\":\"MZBI - Massimo Zanetti Beverage Ib\u00e9ria\",\"url\":\"https:\/\/mzbi.hdonline.pt\/\",\"logo\":{\"@type\":\"ImageObject\",\"inLanguage\":\"en-GB\",\"@id\":\"https:\/\/mzbi.hdonline.pt\/#\/schema\/logo\/image\/\",\"url\":\"https:\/\/mzbi.hdonline.pt\/wp-content\/uploads\/2024\/04\/cropped-logo-256-1.jpg\",\"contentUrl\":\"https:\/\/mzbi.hdonline.pt\/wp-content\/uploads\/2024\/04\/cropped-logo-256-1.jpg\",\"width\":256,\"height\":118,\"caption\":\"MZBI - Massimo Zanetti Beverage Ib\u00e9ria\"},\"image\":{\"@id\":\"https:\/\/mzbi.hdonline.pt\/#\/schema\/logo\/image\/\"}}]}<\/script>\n<!-- \/ Yoast SEO plugin. -->","yoast_head_json":{"title":"Universidade do Caf\u00e9 - MZBI - Massimo Zanetti Beverage Ib\u00e9ria","robots":{"index":"index","follow":"follow","max-snippet":"max-snippet:-1","max-image-preview":"max-image-preview:large","max-video-preview":"max-video-preview:-1"},"canonical":"https:\/\/mzbi.hdonline.pt\/en\/universidade-do-cafe\/","og_locale":"en_GB","og_type":"article","og_title":"Universidade do Caf\u00e9 - MZBI - Massimo Zanetti Beverage Ib\u00e9ria","og_description":"UNIVERSIDADE DO CAF\u00c9 A Universidade do Caf\u00e9 \u00e9 um projeto emblem\u00e1tico da Massimo Zanetti Beverage Iberia, criado para promover a cultura do caf\u00e9 e elevar o conhecimento sobre esta bebida t\u00e3o apreciada. Fundada em 2009, a Universidade do Caf\u00e9 come\u00e7ou por ser um recurso exclusivo para os colaboradores da MZBI, capacitando-os com um conhecimento profundo [&hellip;]","og_url":"https:\/\/mzbi.hdonline.pt\/en\/universidade-do-cafe\/","og_site_name":"MZBI - Massimo Zanetti Beverage Ib\u00e9ria","article_modified_time":"2024-07-29T11:42:17+00:00","og_image":[{"url":"https:\/\/mzbi.hdonline.pt\/wp-content\/uploads\/2024\/07\/16x9_08_logos-1024x576.webp","type":"","width":"","height":""}],"twitter_card":"summary_large_image","twitter_misc":{"Estimated reading time":"2 minutes"},"schema":{"@context":"https:\/\/schema.org","@graph":[{"@type":"WebPage","@id":"https:\/\/mzbi.hdonline.pt\/universidade-do-cafe\/","url":"https:\/\/mzbi.hdonline.pt\/universidade-do-cafe\/","name":"Universidade do Caf\u00e9 - MZBI - Massimo Zanetti Beverage Ib\u00e9ria","isPartOf":{"@id":"https:\/\/mzbi.hdonline.pt\/#website"},"primaryImageOfPage":{"@id":"https:\/\/mzbi.hdonline.pt\/universidade-do-cafe\/#primaryimage"},"image":{"@id":"https:\/\/mzbi.hdonline.pt\/universidade-do-cafe\/#primaryimage"},"thumbnailUrl":"https:\/\/mzbi.hdonline.pt\/wp-content\/uploads\/2024\/07\/16x9_08_logos-1024x576.webp","datePublished":"2024-04-23T11:11:34+00:00","dateModified":"2024-07-29T11:42:17+00:00","breadcrumb":{"@id":"https:\/\/mzbi.hdonline.pt\/universidade-do-cafe\/#breadcrumb"},"inLanguage":"en-GB","potentialAction":[{"@type":"ReadAction","target":["https:\/\/mzbi.hdonline.pt\/universidade-do-cafe\/"]}]},{"@type":"ImageObject","inLanguage":"en-GB","@id":"https:\/\/mzbi.hdonline.pt\/universidade-do-cafe\/#primaryimage","url":"https:\/\/mzbi.hdonline.pt\/wp-content\/uploads\/2024\/07\/16x9_08_logos-1024x576.webp","contentUrl":"https:\/\/mzbi.hdonline.pt\/wp-content\/uploads\/2024\/07\/16x9_08_logos-1024x576.webp"},{"@type":"BreadcrumbList","@id":"https:\/\/mzbi.hdonline.pt\/universidade-do-cafe\/#breadcrumb","itemListElement":[{"@type":"ListItem","position":1,"name":"Home","item":"https:\/\/mzbi.hdonline.pt\/"},{"@type":"ListItem","position":2,"name":"Universidade do Caf\u00e9"}]},{"@type":"WebSite","@id":"https:\/\/mzbi.hdonline.pt\/#website","url":"https:\/\/mzbi.hdonline.pt\/","name":"MZBI - Massimo Zanetti Beverage Ib\u00e9ria","description":"","publisher":{"@id":"https:\/\/mzbi.hdonline.pt\/#organization"},"potentialAction":[{"@type":"SearchAction","target":{"@type":"EntryPoint","urlTemplate":"https:\/\/mzbi.hdonline.pt\/?s={search_term_string}"},"query-input":{"@type":"PropertyValueSpecification","valueRequired":true,"valueName":"search_term_string"}}],"inLanguage":"en-GB"},{"@type":"Organization","@id":"https:\/\/mzbi.hdonline.pt\/#organization","name":"MZBI - Massimo Zanetti Beverage Ib\u00e9ria","url":"https:\/\/mzbi.hdonline.pt\/","logo":{"@type":"ImageObject","inLanguage":"en-GB","@id":"https:\/\/mzbi.hdonline.pt\/#\/schema\/logo\/image\/","url":"https:\/\/mzbi.hdonline.pt\/wp-content\/uploads\/2024\/04\/cropped-logo-256-1.jpg","contentUrl":"https:\/\/mzbi.hdonline.pt\/wp-content\/uploads\/2024\/04\/cropped-logo-256-1.jpg","width":256,"height":118,"caption":"MZBI - Massimo Zanetti Beverage Ib\u00e9ria"},"image":{"@id":"https:\/\/mzbi.hdonline.pt\/#\/schema\/logo\/image\/"}}]}},"_links":{"self":[{"href":"https:\/\/mzbi.hdonline.pt\/en\/wp-json\/wp\/v2\/pages\/59","targetHints":{"allow":["GET"]}}],"collection":[{"href":"https:\/\/mzbi.hdonline.pt\/en\/wp-json\/wp\/v2\/pages"}],"about":[{"href":"https:\/\/mzbi.hdonline.pt\/en\/wp-json\/wp\/v2\/types\/page"}],"author":[{"embeddable":true,"href":"https:\/\/mzbi.hdonline.pt\/en\/wp-json\/wp\/v2\/users\/1"}],"replies":[{"embeddable":true,"href":"https:\/\/mzbi.hdonline.pt\/en\/wp-json\/wp\/v2\/comments?post=59"}],"version-history":[{"count":25,"href":"https:\/\/mzbi.hdonline.pt\/en\/wp-json\/wp\/v2\/pages\/59\/revisions"}],"predecessor-version":[{"id":290,"href":"https:\/\/mzbi.hdonline.pt\/en\/wp-json\/wp\/v2\/pages\/59\/revisions\/290"}],"wp:attachment":[{"href":"https:\/\/mzbi.hdonline.pt\/en\/wp-json\/wp\/v2\/media?parent=59"}],"curies":[{"name":"wp","href":"https:\/\/api.w.org\/{rel}","templated":true}]}}