{"id":54,"date":"2024-04-23T11:10:59","date_gmt":"2024-04-23T11:10:59","guid":{"rendered":"https:\/\/mzbi.hdonline.pt\/?page_id=54"},"modified":"2024-07-29T11:43:46","modified_gmt":"2024-07-29T11:43:46","slug":"recrutamento","status":"publish","type":"page","link":"https:\/\/mzbi.hdonline.pt\/en\/recrutamento\/","title":{"rendered":"Recrutamento"},"content":{"rendered":"<div data-elementor-type=\"wp-page\" data-elementor-id=\"54\" class=\"elementor elementor-54\" data-elementor-post-type=\"page\">\n\t\t\t\t<div class=\"elementor-element elementor-element-6f9f508 e-con-full elementor-hidden-mobile e-flex e-con e-parent\" data-id=\"6f9f508\" data-element_type=\"container\" data-settings=\"{&quot;background_background&quot;:&quot;slideshow&quot;,&quot;background_slideshow_gallery&quot;:[{&quot;id&quot;:25,&quot;url&quot;:&quot;https:\\\/\\\/mzbi.hdonline.pt\\\/wp-content\\\/uploads\\\/2024\\\/04\\\/teste-home-banner-mzbi-1920-ziped.jpg&quot;},{&quot;id&quot;:148,&quot;url&quot;:&quot;https:\\\/\\\/mzbi.hdonline.pt\\\/wp-content\\\/uploads\\\/2024\\\/05\\\/16x9_07_logos.webp&quot;},{&quot;id&quot;:149,&quot;url&quot;:&quot;https:\\\/\\\/mzbi.hdonline.pt\\\/wp-content\\\/uploads\\\/2024\\\/05\\\/16x9_08_logos.webp&quot;}],&quot;background_slideshow_slide_duration&quot;:3500,&quot;background_slideshow_ken_burns&quot;:&quot;yes&quot;,&quot;background_slideshow_loop&quot;:&quot;yes&quot;,&quot;background_slideshow_slide_transition&quot;:&quot;fade&quot;,&quot;background_slideshow_transition_duration&quot;:500,&quot;background_slideshow_ken_burns_zoom_direction&quot;:&quot;in&quot;,&quot;background_motion_fx_devices&quot;:[&quot;desktop&quot;,&quot;tablet&quot;,&quot;mobile&quot;]}\">\n\t\t\t\t<\/div>\n\t\t<div class=\"elementor-element elementor-element-5a7fa09 e-con-full elementor-hidden-desktop elementor-hidden-tablet e-flex e-con e-parent\" data-id=\"5a7fa09\" data-element_type=\"container\" data-settings=\"{&quot;background_background&quot;:&quot;slideshow&quot;,&quot;background_slideshow_gallery&quot;:[{&quot;id&quot;:20,&quot;url&quot;:&quot;https:\\\/\\\/mzbi.hdonline.pt\\\/wp-content\\\/uploads\\\/2024\\\/04\\\/IMG_0803-Edit.jpg&quot;},{&quot;id&quot;:18,&quot;url&quot;:&quot;https:\\\/\\\/mzbi.hdonline.pt\\\/wp-content\\\/uploads\\\/2024\\\/04\\\/IMG_0796.jpg&quot;},{&quot;id&quot;:16,&quot;url&quot;:&quot;https:\\\/\\\/mzbi.hdonline.pt\\\/wp-content\\\/uploads\\\/2024\\\/04\\\/IMG_0704.jpg&quot;}],&quot;background_slideshow_slide_duration&quot;:3500,&quot;background_slideshow_loop&quot;:&quot;yes&quot;,&quot;background_slideshow_slide_transition&quot;:&quot;fade&quot;,&quot;background_slideshow_transition_duration&quot;:500,&quot;background_motion_fx_devices&quot;:[&quot;desktop&quot;,&quot;tablet&quot;,&quot;mobile&quot;]}\">\n\t\t\t\t<\/div>\n\t\t<div class=\"elementor-element elementor-element-0a51d55 e-flex e-con-boxed e-con e-parent\" data-id=\"0a51d55\" data-element_type=\"container\">\n\t\t\t\t\t<div class=\"e-con-inner\">\n\t\t\t\t<div class=\"elementor-element elementor-element-4cc98b7 elementor-widget elementor-widget-heading\" data-id=\"4cc98b7\" data-element_type=\"widget\" data-widget_type=\"heading.default\">\n\t\t\t\t<div class=\"elementor-widget-container\">\n\t\t\t\t\t<h2 class=\"elementor-heading-title elementor-size-default\">RECRUTAMENTO<\/h2>\t\t\t\t<\/div>\n\t\t\t\t<\/div>\n\t\t\t\t<div class=\"elementor-element elementor-element-e264534 elementor-widget elementor-widget-text-editor\" data-id=\"e264534\" data-element_type=\"widget\" data-widget_type=\"text-editor.default\">\n\t\t\t\t<div class=\"elementor-widget-container\">\n\t\t\t\t\t\t\t\t\t<p>A Massimo Zanetti Beverage Iberia, valoriza os seus colaboradores como o nosso maior ativo. Um ambiente de trabalho saud\u00e1vel, inclusivo e \u00e9tico \u00e9 essencial para o desenvolvimento pessoal e profissional dos nossos colaboradores. Para alcan\u00e7ar este objetivo, a MZBI promove uma cultura de respeito, integridade e responsabilidade.<\/p><p><strong>C\u00f3digo de \u00c9tica<\/strong><\/p><p>O C\u00f3digo de \u00c9tica da MZBI estabelece os princ\u00edpios e valores que orientam as a\u00e7\u00f5es e decis\u00f5es di\u00e1rias. Este documento reflete o compromisso com a honestidade, a transpar\u00eancia e o respeito m\u00fatuo, garantindo que todas as intera\u00e7\u00f5es internas e externas sejam conduzidas com integridade.<\/p><p>Clique aqui para <span style=\"text-decoration: underline;\"><span style=\"color: #1b5a93; text-decoration: underline;\"><a style=\"color: #1b5a93; text-decoration: underline;\" href=\"https:\/\/mzbi.hdonline.pt\/wp-content\/uploads\/2024\/07\/code_of_ethics.pdf\" target=\"_blank\" rel=\"noopener\">Download em Ingl\u00eas<\/a><\/span><\/span> ou <span style=\"text-decoration: underline;\"><span style=\"color: #1b5a93; text-decoration: underline;\"><a style=\"color: #1b5a93; text-decoration: underline;\" href=\"https:\/\/mzbi.hdonline.pt\/wp-content\/uploads\/2024\/07\/codice_etico.pdf\" target=\"_blank\" rel=\"noopener\">Download em Italiano.<\/a><\/span><\/span><\/p><p><strong>Canal de Den\u00fancias<\/strong><\/p><p>Para garantir a conformidade com os padr\u00f5es \u00e9ticos, a MZBI disponibiliza um canal de den\u00fancias confidencial. Este canal permite que colaboradores, parceiros e terceiros reportem qualquer comportamento ou pr\u00e1tica que viole o nosso C\u00f3digo de \u00c9tica ou as leis aplic\u00e1veis. As den\u00fancias s\u00e3o tratadas com seriedade e discri\u00e7\u00e3o, assegurando que todas as preocupa\u00e7\u00f5es sejam investigadas de forma justa e imparcial.<\/p><p>Clique aqui para <span style=\"text-decoration: underline;\"><span style=\"color: #1b5a93; text-decoration: underline;\"><a style=\"color: #1b5a93; text-decoration: underline;\" href=\"https:\/\/mzbi.integrityline.com\/\" target=\"_blank\" rel=\"noopener\">Canal de Den\u00fancias<\/a><\/span><\/span>.<\/p><p><strong>Junte-se \u00e0 Nossa Equipa<\/strong><\/p><p>A MZBI est\u00e1 sempre \u00e0 procura de talentos apaixonados que queiram fazer parte da miss\u00e3o de proporcionar o melhor caf\u00e9, respeitando o ambiente e as comunidades. Se deseja integrar uma empresa din\u00e2mica e inovadora, convidamo-lo a preencher o nosso formul\u00e1rio de contacto para poss\u00edveis vagas. Quer seja um profissional experiente ou algu\u00e9m \u00e0 procura de iniciar a sua carreira, teremos todo o prazer em conhec\u00ea-lo e explorar oportunidades de colabora\u00e7\u00e3o.<\/p>\t\t\t\t\t\t\t\t<\/div>\n\t\t\t\t<\/div>\n\t\t\t\t<div class=\"elementor-element elementor-element-7f1656d elementor-widget elementor-widget-heading\" data-id=\"7f1656d\" data-element_type=\"widget\" data-widget_type=\"heading.default\">\n\t\t\t\t<div class=\"elementor-widget-container\">\n\t\t\t\t\t<h3 class=\"elementor-heading-title elementor-size-default\">FA\u00c7A PARTE DA NOSSA EQUIPA<\/h3>\t\t\t\t<\/div>\n\t\t\t\t<\/div>\n\t\t\t\t<div class=\"elementor-element elementor-element-690ff12 elementor-widget elementor-widget-text-editor\" data-id=\"690ff12\" data-element_type=\"widget\" data-widget_type=\"text-editor.default\">\n\t\t\t\t<div class=\"elementor-widget-container\">\n\t\t\t\t\t\t\t\t\t<p class=\"elementor-heading-title elementor-size-default\">Ajuda-nos a encontrar oportunidades para o teu perfil falando um pouco mais sobre ti.<\/p><p>\u00a0<\/p><p>Retornaremos o mais breve poss\u00edvel.<\/p>\t\t\t\t\t\t\t\t<\/div>\n\t\t\t\t<\/div>\n\t\t\t\t<div class=\"elementor-element elementor-element-c0595da elementor-button-align-center elementor-widget elementor-widget-form\" data-id=\"c0595da\" data-element_type=\"widget\" data-settings=\"{&quot;step_next_label&quot;:&quot;Next&quot;,&quot;step_previous_label&quot;:&quot;Previous&quot;,&quot;button_width&quot;:&quot;100&quot;,&quot;step_type&quot;:&quot;number_text&quot;,&quot;step_icon_shape&quot;:&quot;circle&quot;}\" data-widget_type=\"form.default\">\n\t\t\t\t<div class=\"elementor-widget-container\">\n\t\t\t\t\t\t\t<form class=\"elementor-form\" method=\"post\" name=\"New Form\">\n\t\t\t<input type=\"hidden\" name=\"post_id\" value=\"54\"\/>\n\t\t\t<input type=\"hidden\" name=\"form_id\" value=\"c0595da\"\/>\n\t\t\t<input type=\"hidden\" name=\"referer_title\" value=\"Recrutamento - MZBI - Massimo Zanetti Beverage Ib\u00e9ria\" \/>\n\n\t\t\t\t\t\t\t<input type=\"hidden\" name=\"queried_id\" value=\"54\"\/>\n\t\t\t\n\t\t\t<div class=\"elementor-form-fields-wrapper elementor-labels-\">\n\t\t\t\t\t\t\t\t<div class=\"elementor-field-type-text elementor-field-group elementor-column elementor-field-group-name elementor-col-100 elementor-field-required\">\n\t\t\t\t\t\t\t\t\t\t\t\t\t<input size=\"1\" type=\"text\" name=\"form_fields[name]\" id=\"form-field-name\" class=\"elementor-field elementor-size-sm  elementor-field-textual\" placeholder=\"Nome completo:\" required=\"required\" aria-required=\"true\">\n\t\t\t\t\t\t\t\t\t\t\t<\/div>\n\t\t\t\t\t\t\t\t<div class=\"elementor-field-type-email elementor-field-group elementor-column elementor-field-group-email elementor-col-100 elementor-field-required\">\n\t\t\t\t\t\t\t\t\t\t\t\t\t<input size=\"1\" type=\"email\" name=\"form_fields[email]\" id=\"form-field-email\" class=\"elementor-field elementor-size-sm  elementor-field-textual\" placeholder=\"Email:\" required=\"required\" aria-required=\"true\">\n\t\t\t\t\t\t\t\t\t\t\t<\/div>\n\t\t\t\t\t\t\t\t<div class=\"elementor-field-type-text elementor-field-group elementor-column elementor-field-group-field_f80fd81 elementor-col-100 elementor-field-required\">\n\t\t\t\t\t\t\t\t\t\t\t\t\t<input size=\"1\" type=\"text\" name=\"form_fields[field_f80fd81]\" id=\"form-field-field_f80fd81\" class=\"elementor-field elementor-size-sm  elementor-field-textual\" placeholder=\"Telefone:\" required=\"required\" aria-required=\"true\">\n\t\t\t\t\t\t\t\t\t\t\t<\/div>\n\t\t\t\t\t\t\t\t<div class=\"elementor-field-type-text elementor-field-group elementor-column elementor-field-group-field_8a0514b elementor-col-100 elementor-field-required\">\n\t\t\t\t\t\t\t\t\t\t\t\t\t<input size=\"1\" type=\"text\" name=\"form_fields[field_8a0514b]\" id=\"form-field-field_8a0514b\" class=\"elementor-field elementor-size-sm  elementor-field-textual\" placeholder=\"\u00c1rea de Interesse:\" required=\"required\" aria-required=\"true\">\n\t\t\t\t\t\t\t\t\t\t\t<\/div>\n\t\t\t\t\t\t\t\t<div class=\"elementor-field-type-text elementor-field-group elementor-column elementor-field-group-field_5e924ea elementor-col-100 elementor-field-required\">\n\t\t\t\t\t\t\t\t\t\t\t\t\t<input size=\"1\" type=\"text\" name=\"form_fields[field_5e924ea]\" id=\"form-field-field_5e924ea\" class=\"elementor-field elementor-size-sm  elementor-field-textual\" placeholder=\"Experi\u00eancia profissional:\" required=\"required\" aria-required=\"true\">\n\t\t\t\t\t\t\t\t\t\t\t<\/div>\n\t\t\t\t\t\t\t\t<div class=\"elementor-field-type-html elementor-field-group elementor-column elementor-field-group-field_e22b285 elementor-col-100\">\n\t\t\t\t\tUpload do teu cv:\t\t\t\t<\/div>\n\t\t\t\t\t\t\t\t<div class=\"elementor-field-type-upload elementor-field-group elementor-column elementor-field-group-field_4942489 elementor-col-100 elementor-field-required\">\n\t\t\t\t\t\t\t\t\t\t\t\t<label for=\"form-field-field_4942489\" class=\"elementor-field-label elementor-screen-only\">\n\t\t\t\t\t\t\t\tUpload do teu cv\t\t\t\t\t\t\t<\/label>\n\t\t\t\t\t\t\t\t<input type=\"file\" name=\"form_fields[field_4942489][]\" id=\"form-field-field_4942489\" class=\"elementor-field elementor-size-sm  elementor-upload-field\" required=\"required\" aria-required=\"true\" multiple=\"multiple\">\n\n\t\t\t\t\t\t<\/div>\n\t\t\t\t\t\t\t\t<div class=\"elementor-field-type-textarea elementor-field-group elementor-column elementor-field-group-message elementor-col-100\">\n\t\t\t\t\t<textarea class=\"elementor-field-textual elementor-field  elementor-size-sm\" name=\"form_fields[message]\" id=\"form-field-message\" rows=\"4\" placeholder=\"Mensagem:\"><\/textarea>\t\t\t\t<\/div>\n\t\t\t\t\t\t\t\t<div class=\"elementor-field-group elementor-column elementor-field-type-submit elementor-col-100 e-form__buttons\">\n\t\t\t\t\t<button class=\"elementor-button elementor-size-sm\" type=\"submit\">\n\t\t\t\t\t\t<span class=\"elementor-button-content-wrapper\">\n\t\t\t\t\t\t\t\t\t\t\t\t\t\t\t\t\t\t\t\t\t\t<span class=\"elementor-button-text\">ENVIAR<\/span>\n\t\t\t\t\t\t\t\t\t\t\t\t\t<\/span>\n\t\t\t\t\t<\/button>\n\t\t\t\t<\/div>\n\t\t\t<\/div>\n\t\t<input type=\"hidden\" name=\"trp-form-language\" value=\"en\"\/><\/form>\n\t\t\t\t\t\t<\/div>\n\t\t\t\t<\/div>\n\t\t\t\t\t<\/div>\n\t\t\t\t<\/div>\n\t\t\t\t<\/div>","protected":false},"excerpt":{"rendered":"<p>RECRUTAMENTO A Massimo Zanetti Beverage Iberia, valoriza os seus colaboradores como o nosso maior ativo. Um ambiente de trabalho saud\u00e1vel, inclusivo e \u00e9tico \u00e9 essencial para o desenvolvimento pessoal e profissional dos nossos colaboradores. Para alcan\u00e7ar este objetivo, a MZBI promove uma cultura de respeito, integridade e responsabilidade. C\u00f3digo de \u00c9tica O C\u00f3digo de \u00c9tica [&hellip;]<\/p>","protected":false},"author":1,"featured_media":0,"parent":0,"menu_order":0,"comment_status":"closed","ping_status":"closed","template":"","meta":{"footnotes":""},"class_list":["post-54","page","type-page","status-publish","hentry"],"yoast_head":"<!-- This site is optimized with the Yoast SEO plugin v24.0 - https:\/\/yoast.com\/wordpress\/plugins\/seo\/ -->\n<title>Recrutamento - MZBI - Massimo Zanetti Beverage Ib\u00e9ria<\/title>\n<meta name=\"robots\" content=\"index, follow, max-snippet:-1, max-image-preview:large, max-video-preview:-1\" \/>\n<link rel=\"canonical\" href=\"https:\/\/mzbi.hdonline.pt\/en\/recrutamento\/\" \/>\n<meta property=\"og:locale\" content=\"en_GB\" \/>\n<meta property=\"og:type\" content=\"article\" \/>\n<meta property=\"og:title\" content=\"Recrutamento - MZBI - Massimo Zanetti Beverage Ib\u00e9ria\" \/>\n<meta property=\"og:description\" content=\"RECRUTAMENTO A Massimo Zanetti Beverage Iberia, valoriza os seus colaboradores como o nosso maior ativo. Um ambiente de trabalho saud\u00e1vel, inclusivo e \u00e9tico \u00e9 essencial para o desenvolvimento pessoal e profissional dos nossos colaboradores. Para alcan\u00e7ar este objetivo, a MZBI promove uma cultura de respeito, integridade e responsabilidade. C\u00f3digo de \u00c9tica O C\u00f3digo de \u00c9tica [&hellip;]\" \/>\n<meta property=\"og:url\" content=\"https:\/\/mzbi.hdonline.pt\/en\/recrutamento\/\" \/>\n<meta property=\"og:site_name\" content=\"MZBI - Massimo Zanetti Beverage Ib\u00e9ria\" \/>\n<meta property=\"article:modified_time\" content=\"2024-07-29T11:43:46+00:00\" \/>\n<meta name=\"twitter:card\" content=\"summary_large_image\" \/>\n<meta name=\"twitter:label1\" content=\"Estimated reading time\" \/>\n\t<meta name=\"twitter:data1\" content=\"2 minutes\" \/>\n<script type=\"application\/ld+json\" class=\"yoast-schema-graph\">{\"@context\":\"https:\/\/schema.org\",\"@graph\":[{\"@type\":\"WebPage\",\"@id\":\"https:\/\/mzbi.hdonline.pt\/recrutamento\/\",\"url\":\"https:\/\/mzbi.hdonline.pt\/recrutamento\/\",\"name\":\"Recrutamento - MZBI - Massimo Zanetti Beverage Ib\u00e9ria\",\"isPartOf\":{\"@id\":\"https:\/\/mzbi.hdonline.pt\/#website\"},\"datePublished\":\"2024-04-23T11:10:59+00:00\",\"dateModified\":\"2024-07-29T11:43:46+00:00\",\"breadcrumb\":{\"@id\":\"https:\/\/mzbi.hdonline.pt\/recrutamento\/#breadcrumb\"},\"inLanguage\":\"en-GB\",\"potentialAction\":[{\"@type\":\"ReadAction\",\"target\":[\"https:\/\/mzbi.hdonline.pt\/recrutamento\/\"]}]},{\"@type\":\"BreadcrumbList\",\"@id\":\"https:\/\/mzbi.hdonline.pt\/recrutamento\/#breadcrumb\",\"itemListElement\":[{\"@type\":\"ListItem\",\"position\":1,\"name\":\"Home\",\"item\":\"https:\/\/mzbi.hdonline.pt\/\"},{\"@type\":\"ListItem\",\"position\":2,\"name\":\"Recrutamento\"}]},{\"@type\":\"WebSite\",\"@id\":\"https:\/\/mzbi.hdonline.pt\/#website\",\"url\":\"https:\/\/mzbi.hdonline.pt\/\",\"name\":\"MZBI - Massimo Zanetti Beverage Ib\u00e9ria\",\"description\":\"\",\"publisher\":{\"@id\":\"https:\/\/mzbi.hdonline.pt\/#organization\"},\"potentialAction\":[{\"@type\":\"SearchAction\",\"target\":{\"@type\":\"EntryPoint\",\"urlTemplate\":\"https:\/\/mzbi.hdonline.pt\/?s={search_term_string}\"},\"query-input\":{\"@type\":\"PropertyValueSpecification\",\"valueRequired\":true,\"valueName\":\"search_term_string\"}}],\"inLanguage\":\"en-GB\"},{\"@type\":\"Organization\",\"@id\":\"https:\/\/mzbi.hdonline.pt\/#organization\",\"name\":\"MZBI - Massimo Zanetti Beverage Ib\u00e9ria\",\"url\":\"https:\/\/mzbi.hdonline.pt\/\",\"logo\":{\"@type\":\"ImageObject\",\"inLanguage\":\"en-GB\",\"@id\":\"https:\/\/mzbi.hdonline.pt\/#\/schema\/logo\/image\/\",\"url\":\"https:\/\/mzbi.hdonline.pt\/wp-content\/uploads\/2024\/04\/cropped-logo-256-1.jpg\",\"contentUrl\":\"https:\/\/mzbi.hdonline.pt\/wp-content\/uploads\/2024\/04\/cropped-logo-256-1.jpg\",\"width\":256,\"height\":118,\"caption\":\"MZBI - Massimo Zanetti Beverage Ib\u00e9ria\"},\"image\":{\"@id\":\"https:\/\/mzbi.hdonline.pt\/#\/schema\/logo\/image\/\"}}]}<\/script>\n<!-- \/ Yoast SEO plugin. -->","yoast_head_json":{"title":"Recrutamento - MZBI - Massimo Zanetti Beverage Ib\u00e9ria","robots":{"index":"index","follow":"follow","max-snippet":"max-snippet:-1","max-image-preview":"max-image-preview:large","max-video-preview":"max-video-preview:-1"},"canonical":"https:\/\/mzbi.hdonline.pt\/en\/recrutamento\/","og_locale":"en_GB","og_type":"article","og_title":"Recrutamento - MZBI - Massimo Zanetti Beverage Ib\u00e9ria","og_description":"RECRUTAMENTO A Massimo Zanetti Beverage Iberia, valoriza os seus colaboradores como o nosso maior ativo. Um ambiente de trabalho saud\u00e1vel, inclusivo e \u00e9tico \u00e9 essencial para o desenvolvimento pessoal e profissional dos nossos colaboradores. Para alcan\u00e7ar este objetivo, a MZBI promove uma cultura de respeito, integridade e responsabilidade. C\u00f3digo de \u00c9tica O C\u00f3digo de \u00c9tica [&hellip;]","og_url":"https:\/\/mzbi.hdonline.pt\/en\/recrutamento\/","og_site_name":"MZBI - Massimo Zanetti Beverage Ib\u00e9ria","article_modified_time":"2024-07-29T11:43:46+00:00","twitter_card":"summary_large_image","twitter_misc":{"Estimated reading time":"2 minutes"},"schema":{"@context":"https:\/\/schema.org","@graph":[{"@type":"WebPage","@id":"https:\/\/mzbi.hdonline.pt\/recrutamento\/","url":"https:\/\/mzbi.hdonline.pt\/recrutamento\/","name":"Recrutamento - MZBI - Massimo Zanetti Beverage Ib\u00e9ria","isPartOf":{"@id":"https:\/\/mzbi.hdonline.pt\/#website"},"datePublished":"2024-04-23T11:10:59+00:00","dateModified":"2024-07-29T11:43:46+00:00","breadcrumb":{"@id":"https:\/\/mzbi.hdonline.pt\/recrutamento\/#breadcrumb"},"inLanguage":"en-GB","potentialAction":[{"@type":"ReadAction","target":["https:\/\/mzbi.hdonline.pt\/recrutamento\/"]}]},{"@type":"BreadcrumbList","@id":"https:\/\/mzbi.hdonline.pt\/recrutamento\/#breadcrumb","itemListElement":[{"@type":"ListItem","position":1,"name":"Home","item":"https:\/\/mzbi.hdonline.pt\/"},{"@type":"ListItem","position":2,"name":"Recrutamento"}]},{"@type":"WebSite","@id":"https:\/\/mzbi.hdonline.pt\/#website","url":"https:\/\/mzbi.hdonline.pt\/","name":"MZBI - Massimo Zanetti Beverage Ib\u00e9ria","description":"","publisher":{"@id":"https:\/\/mzbi.hdonline.pt\/#organization"},"potentialAction":[{"@type":"SearchAction","target":{"@type":"EntryPoint","urlTemplate":"https:\/\/mzbi.hdonline.pt\/?s={search_term_string}"},"query-input":{"@type":"PropertyValueSpecification","valueRequired":true,"valueName":"search_term_string"}}],"inLanguage":"en-GB"},{"@type":"Organization","@id":"https:\/\/mzbi.hdonline.pt\/#organization","name":"MZBI - Massimo Zanetti Beverage Ib\u00e9ria","url":"https:\/\/mzbi.hdonline.pt\/","logo":{"@type":"ImageObject","inLanguage":"en-GB","@id":"https:\/\/mzbi.hdonline.pt\/#\/schema\/logo\/image\/","url":"https:\/\/mzbi.hdonline.pt\/wp-content\/uploads\/2024\/04\/cropped-logo-256-1.jpg","contentUrl":"https:\/\/mzbi.hdonline.pt\/wp-content\/uploads\/2024\/04\/cropped-logo-256-1.jpg","width":256,"height":118,"caption":"MZBI - Massimo Zanetti Beverage Ib\u00e9ria"},"image":{"@id":"https:\/\/mzbi.hdonline.pt\/#\/schema\/logo\/image\/"}}]}},"_links":{"self":[{"href":"https:\/\/mzbi.hdonline.pt\/en\/wp-json\/wp\/v2\/pages\/54","targetHints":{"allow":["GET"]}}],"collection":[{"href":"https:\/\/mzbi.hdonline.pt\/en\/wp-json\/wp\/v2\/pages"}],"about":[{"href":"https:\/\/mzbi.hdonline.pt\/en\/wp-json\/wp\/v2\/types\/page"}],"author":[{"embeddable":true,"href":"https:\/\/mzbi.hdonline.pt\/en\/wp-json\/wp\/v2\/users\/1"}],"replies":[{"embeddable":true,"href":"https:\/\/mzbi.hdonline.pt\/en\/wp-json\/wp\/v2\/comments?post=54"}],"version-history":[{"count":37,"href":"https:\/\/mzbi.hdonline.pt\/en\/wp-json\/wp\/v2\/pages\/54\/revisions"}],"predecessor-version":[{"id":293,"href":"https:\/\/mzbi.hdonline.pt\/en\/wp-json\/wp\/v2\/pages\/54\/revisions\/293"}],"wp:attachment":[{"href":"https:\/\/mzbi.hdonline.pt\/en\/wp-json\/wp\/v2\/media?parent=54"}],"curies":[{"name":"wp","href":"https:\/\/api.w.org\/{rel}","templated":true}]}}