{"id":48,"date":"2024-04-23T11:09:30","date_gmt":"2024-04-23T11:09:30","guid":{"rendered":"https:\/\/mzbi.hdonline.pt\/?page_id=48"},"modified":"2024-07-29T10:16:01","modified_gmt":"2024-07-29T10:16:01","slug":"marcas","status":"publish","type":"page","link":"https:\/\/mzbi.hdonline.pt\/en\/marcas\/","title":{"rendered":"Marcas"},"content":{"rendered":"<div data-elementor-type=\"wp-page\" data-elementor-id=\"48\" class=\"elementor elementor-48\" data-elementor-post-type=\"page\">\n\t\t\t\t<div class=\"elementor-element elementor-element-e608aaf e-con-full elementor-hidden-mobile e-flex e-con e-parent\" data-id=\"e608aaf\" data-element_type=\"container\" data-settings=\"{&quot;background_background&quot;:&quot;slideshow&quot;,&quot;background_slideshow_gallery&quot;:[{&quot;id&quot;:220,&quot;url&quot;:&quot;https:\\\/\\\/mzbi.hdonline.pt\\\/wp-content\\\/uploads\\\/2024\\\/07\\\/teste-home-banner-mzbi-1920-ziped.jpg&quot;},{&quot;id&quot;:221,&quot;url&quot;:&quot;https:\\\/\\\/mzbi.hdonline.pt\\\/wp-content\\\/uploads\\\/2024\\\/07\\\/16x9_07_logos.webp&quot;},{&quot;id&quot;:222,&quot;url&quot;:&quot;https:\\\/\\\/mzbi.hdonline.pt\\\/wp-content\\\/uploads\\\/2024\\\/07\\\/16x9_08_logos.webp&quot;}],&quot;background_slideshow_slide_duration&quot;:3500,&quot;background_slideshow_ken_burns&quot;:&quot;yes&quot;,&quot;background_slideshow_loop&quot;:&quot;yes&quot;,&quot;background_slideshow_slide_transition&quot;:&quot;fade&quot;,&quot;background_slideshow_transition_duration&quot;:500,&quot;background_slideshow_ken_burns_zoom_direction&quot;:&quot;in&quot;,&quot;background_motion_fx_devices&quot;:[&quot;desktop&quot;,&quot;tablet&quot;,&quot;mobile&quot;]}\">\n\t\t\t\t<\/div>\n\t\t<div class=\"elementor-element elementor-element-2e3bc2d e-con-full elementor-hidden-desktop elementor-hidden-tablet e-flex e-con e-parent\" data-id=\"2e3bc2d\" data-element_type=\"container\" data-settings=\"{&quot;background_background&quot;:&quot;slideshow&quot;,&quot;background_slideshow_gallery&quot;:[{&quot;id&quot;:&quot;219&quot;,&quot;url&quot;:&quot;https:\\\/\\\/mzbi.hdonline.pt\\\/wp-content\\\/uploads\\\/2024\\\/07\\\/IMG_0803-Edit.jpg&quot;},{&quot;id&quot;:223,&quot;url&quot;:&quot;https:\\\/\\\/mzbi.hdonline.pt\\\/wp-content\\\/uploads\\\/2024\\\/07\\\/IMG_0796.jpg&quot;},{&quot;id&quot;:224,&quot;url&quot;:&quot;https:\\\/\\\/mzbi.hdonline.pt\\\/wp-content\\\/uploads\\\/2024\\\/07\\\/IMG_0704.jpg&quot;}],&quot;background_slideshow_slide_duration&quot;:3500,&quot;background_slideshow_loop&quot;:&quot;yes&quot;,&quot;background_slideshow_slide_transition&quot;:&quot;fade&quot;,&quot;background_slideshow_transition_duration&quot;:500,&quot;background_motion_fx_devices&quot;:[&quot;desktop&quot;,&quot;tablet&quot;,&quot;mobile&quot;]}\">\n\t\t\t\t<\/div>\n\t\t<div class=\"elementor-element elementor-element-3fae79e e-flex e-con-boxed e-con e-parent\" data-id=\"3fae79e\" data-element_type=\"container\">\n\t\t\t\t\t<div class=\"e-con-inner\">\n\t\t\t\t<div class=\"elementor-element elementor-element-6604c67 elementor-widget elementor-widget-image\" data-id=\"6604c67\" data-element_type=\"widget\" data-widget_type=\"image.default\">\n\t\t\t\t<div class=\"elementor-widget-container\">\n\t\t\t\t\t\t\t\t\t\t\t\t\t\t\t<img decoding=\"async\" src=\"https:\/\/mzbi.hdonline.pt\/wp-content\/uploads\/elementor\/thumbs\/segafredo-e1590408622545-1024x953-black-qrthxn7gglokpyds9kzbi6ta21uyb7cxdbvj5ykqo0.png\" title=\"segafredo-e1590408622545-1024&#215;953-black.png\" alt=\"segafredo-e1590408622545-1024x953-black.png\" loading=\"lazy\" \/>\t\t\t\t\t\t\t\t\t\t\t\t\t\t\t<\/div>\n\t\t\t\t<\/div>\n\t\t\t\t<div class=\"elementor-element elementor-element-5dcf08b elementor-widget elementor-widget-text-editor\" data-id=\"5dcf08b\" data-element_type=\"widget\" data-widget_type=\"text-editor.default\">\n\t\t\t\t<div class=\"elementor-widget-container\">\n\t\t\t\t\t\t\t\t\t<p>O ritual do caf\u00e9 \u00e9 necess\u00e1rio para enfrentar os desafios do dia a dia ou para tornar reuni\u00f5es e situa\u00e7\u00f5es em momentos especiais. A Segafredo tem trabalhado arduamente para garantir que o seu #SegafredoMoment seja sempre especial, onde quer que esteja.<\/p><p>A Massimo Zanetti criou a Segafredo Zanetti, que se desenvolveu inicialmente em It\u00e1lia, onde rapidamente se tornou l\u00edder no consumo fora de casa e nos sectores retalhistas de larga escala, para posteriormente conquistar os mercados internacionais.\u2028\u2028<\/p><p>Hoje em dia, a Segafredo Zanetti \u00e9 o l\u00edder incontest\u00e1vel do caf\u00e9 expresso em It\u00e1lia, bem como em todo o mundo, com uma miss\u00e3o precisa: divulgar o sabor, a cultura e a prepara\u00e7\u00e3o de um verdadeiro Expresso Italiano, oferecendo um produto da melhor qualidade, desde a pequena planta at\u00e9 \u00e0 ch\u00e1vena, como s\u00f3 a Segafredo Zanetti sabe fazer.\u2028\u200b\u2028<\/p><p>A Segafredo Zanetti pertence ao\u00a0<span style=\"color: #1b5a93;\"><strong><a style=\"color: #1b5a93;\" href=\"http:\/\/www.mzb-group.com\/en\" target=\"_blank\" rel=\"noopener\">Massimo Zanetti Beverage Group<\/a><\/strong>.<\/span><\/p>\t\t\t\t\t\t\t\t<\/div>\n\t\t\t\t<\/div>\n\t\t\t\t\t<\/div>\n\t\t\t\t<\/div>\n\t\t<div class=\"elementor-element elementor-element-79a0e62 e-flex e-con-boxed e-con e-parent\" data-id=\"79a0e62\" data-element_type=\"container\">\n\t\t\t\t\t<div class=\"e-con-inner\">\n\t\t\t\t<div class=\"elementor-element elementor-element-a06a6e9 elementor-widget elementor-widget-image\" data-id=\"a06a6e9\" data-element_type=\"widget\" data-widget_type=\"image.default\">\n\t\t\t\t<div class=\"elementor-widget-container\">\n\t\t\t\t\t\t\t\t\t\t\t\t\t\t\t<img decoding=\"async\" src=\"https:\/\/mzbi.hdonline.pt\/wp-content\/uploads\/elementor\/thumbs\/nicola-e1590408548113-1024x998-1-qrti03kab11j1atfxn690kilw9rger3p1h769yxqf4.png\" title=\"nicola-e1590408548113-1024&#215;998-1.png\" alt=\"nicola-e1590408548113-1024x998-1.png\" loading=\"lazy\" \/>\t\t\t\t\t\t\t\t\t\t\t\t\t\t\t<\/div>\n\t\t\t\t<\/div>\n\t\t\t\t<div class=\"elementor-element elementor-element-3adf840 elementor-widget elementor-widget-text-editor\" data-id=\"3adf840\" data-element_type=\"widget\" data-widget_type=\"text-editor.default\">\n\t\t\t\t<div class=\"elementor-widget-container\">\n\t\t\t\t\t\t\t\t\t<p>A Nicola est\u00e1 presente nos diversos canais: Mass Market (Grande Distribui\u00e7\u00e3o), Food Service (restaura\u00e7\u00e3o, hotelaria e escrit\u00f3rios) e Exporta\u00e7\u00e3o.<\/p><p>A origem dos caf\u00e9s Nicola remonta a 1779, a um dos mais emblem\u00e1ticos estabelecimentos de Lisboa: O Caf\u00e9 Restaurante Nicola. Este estabelecimento foi local de encontro de escritores e pol\u00edticos e das mais famosas tert\u00falias de Lisboa.<\/p><p>Dentro destas personalidades destaca-se o poeta Bocage. Desde o princ\u00edpio, o Caf\u00e9 Restaurante Nicola teve o seu pr\u00f3prio lote de caf\u00e9, proveniente do Brasil e S\u00e3o Tom\u00e9 e Pr\u00edncipe e comercializado com o nome Nicola. A conquista de mercado, o nascer de novos h\u00e1bitos, as exig\u00eancias em rela\u00e7\u00e3o ao caf\u00e9 e novos blends de caf\u00e9, tornaram necess\u00e1rio ter controlo sobre todas as fases de produ\u00e7\u00e3o e assim surge a f\u00e1brica na Venda Nova em 1950.<\/p>\t\t\t\t\t\t\t\t<\/div>\n\t\t\t\t<\/div>\n\t\t\t\t\t<\/div>\n\t\t\t\t<\/div>\n\t\t<div class=\"elementor-element elementor-element-c0fa850 e-flex e-con-boxed e-con e-parent\" data-id=\"c0fa850\" data-element_type=\"container\">\n\t\t\t\t\t<div class=\"e-con-inner\">\n\t\t\t\t<div class=\"elementor-element elementor-element-a5c18e3 elementor-widget elementor-widget-image\" data-id=\"a5c18e3\" data-element_type=\"widget\" data-widget_type=\"image.default\">\n\t\t\t\t<div class=\"elementor-widget-container\">\n\t\t\t\t\t\t\t\t\t\t\t\t\t\t\t<img decoding=\"async\" src=\"https:\/\/mzbi.hdonline.pt\/wp-content\/uploads\/elementor\/thumbs\/CDO-e1590408587175-1000x1024-black-qrti0cyo7dee9efser8ipi57u4h4jq50erq12qjsow.png\" title=\"CDO-e1590408587175-1000&#215;1024-black.png\" alt=\"CDO-e1590408587175-1000x1024-black.png\" loading=\"lazy\" \/>\t\t\t\t\t\t\t\t\t\t\t\t\t\t\t<\/div>\n\t\t\t\t<\/div>\n\t\t\t\t<div class=\"elementor-element elementor-element-1c3a827 elementor-widget elementor-widget-text-editor\" data-id=\"1c3a827\" data-element_type=\"widget\" data-widget_type=\"text-editor.default\">\n\t\t\t\t<div class=\"elementor-widget-container\">\n\t\t\t\t\t\t\t\t\t<p>A Chave D&#8217;Ouro nasceu em 1916. No decorrer dos primeiros quarenta anos, a empresa dedicou-se \u00e0 produ\u00e7\u00e3o e comercializa\u00e7\u00e3o de caf\u00e9, que importava essencialmente de \u00c1frica e da Am\u00e9rica Latina.<\/p><p>Atualmente, com mais de um s\u00e9culo de exist\u00eancia, a Chave D&#8217;Ouro \u00e9 uma marca tradicional e de prest\u00edgio, o que lhe confere uma elevada credibilidade e reconhecida confian\u00e7a junto dos consumidores e clientes.<\/p><p>Aliado \u00e0 tecnologia moderna, elevada qualidade da mat\u00e9ria-prima e anos de experi\u00eancia consolidados, a Chave D&#8217;Ouro distingue-se pelas formula\u00e7\u00f5es e grau de torra perfeitamente adequado, desenvolvendo em cada lote uma bebida \u00fanica, de acordo com os gostos e prefer\u00eancias dos portugueses.<\/p><p>A Chave D&#8217;Ouro posiciona-se pela qualidade do produto e pela efici\u00eancia dos servi\u00e7os prestados junto do cliente, dando uma resposta atenta e diversificada \u00e0s solicita\u00e7\u00f5es e tend\u00eancias do mercado.<\/p>\t\t\t\t\t\t\t\t<\/div>\n\t\t\t\t<\/div>\n\t\t\t\t\t<\/div>\n\t\t\t\t<\/div>\n\t\t\t\t<\/div>","protected":false},"excerpt":{"rendered":"<p>O ritual do caf\u00e9 \u00e9 necess\u00e1rio para enfrentar os desafios do dia a dia ou para tornar reuni\u00f5es e situa\u00e7\u00f5es em momentos especiais. A Segafredo tem trabalhado arduamente para garantir que o seu #SegafredoMoment seja sempre especial, onde quer que esteja. A Massimo Zanetti criou a Segafredo Zanetti, que se desenvolveu inicialmente em It\u00e1lia, onde [&hellip;]<\/p>","protected":false},"author":1,"featured_media":0,"parent":0,"menu_order":0,"comment_status":"closed","ping_status":"closed","template":"","meta":{"footnotes":""},"class_list":["post-48","page","type-page","status-publish","hentry"],"yoast_head":"<!-- This site is optimized with the Yoast SEO plugin v24.0 - https:\/\/yoast.com\/wordpress\/plugins\/seo\/ -->\n<title>Marcas - MZBI - Massimo Zanetti Beverage Ib\u00e9ria<\/title>\n<meta name=\"robots\" content=\"index, follow, max-snippet:-1, max-image-preview:large, max-video-preview:-1\" \/>\n<link rel=\"canonical\" href=\"https:\/\/mzbi.hdonline.pt\/en\/marcas\/\" \/>\n<meta property=\"og:locale\" content=\"en_GB\" \/>\n<meta property=\"og:type\" content=\"article\" \/>\n<meta property=\"og:title\" content=\"Marcas - MZBI - Massimo Zanetti Beverage Ib\u00e9ria\" \/>\n<meta property=\"og:description\" content=\"O ritual do caf\u00e9 \u00e9 necess\u00e1rio para enfrentar os desafios do dia a dia ou para tornar reuni\u00f5es e situa\u00e7\u00f5es em momentos especiais. A Segafredo tem trabalhado arduamente para garantir que o seu #SegafredoMoment seja sempre especial, onde quer que esteja. A Massimo Zanetti criou a Segafredo Zanetti, que se desenvolveu inicialmente em It\u00e1lia, onde [&hellip;]\" \/>\n<meta property=\"og:url\" content=\"https:\/\/mzbi.hdonline.pt\/en\/marcas\/\" \/>\n<meta property=\"og:site_name\" content=\"MZBI - Massimo Zanetti Beverage Ib\u00e9ria\" \/>\n<meta property=\"article:modified_time\" content=\"2024-07-29T10:16:01+00:00\" \/>\n<meta property=\"og:image\" content=\"https:\/\/mzbi.hdonline.pt\/wp-content\/uploads\/elementor\/thumbs\/segafredo-e1590408622545-1024x953-black-qrthxn7gglokpyds9kzbi6ta21uyb7cxdbvj5ykqo0.png\" \/>\n<meta name=\"twitter:card\" content=\"summary_large_image\" \/>\n<meta name=\"twitter:label1\" content=\"Estimated reading time\" \/>\n\t<meta name=\"twitter:data1\" content=\"3 minutes\" \/>\n<script type=\"application\/ld+json\" class=\"yoast-schema-graph\">{\"@context\":\"https:\/\/schema.org\",\"@graph\":[{\"@type\":\"WebPage\",\"@id\":\"https:\/\/mzbi.hdonline.pt\/marcas\/\",\"url\":\"https:\/\/mzbi.hdonline.pt\/marcas\/\",\"name\":\"Marcas - MZBI - Massimo Zanetti Beverage Ib\u00e9ria\",\"isPartOf\":{\"@id\":\"https:\/\/mzbi.hdonline.pt\/#website\"},\"primaryImageOfPage\":{\"@id\":\"https:\/\/mzbi.hdonline.pt\/marcas\/#primaryimage\"},\"image\":{\"@id\":\"https:\/\/mzbi.hdonline.pt\/marcas\/#primaryimage\"},\"thumbnailUrl\":\"https:\/\/mzbi.hdonline.pt\/wp-content\/uploads\/elementor\/thumbs\/segafredo-e1590408622545-1024x953-black-qrthxn7gglokpyds9kzbi6ta21uyb7cxdbvj5ykqo0.png\",\"datePublished\":\"2024-04-23T11:09:30+00:00\",\"dateModified\":\"2024-07-29T10:16:01+00:00\",\"breadcrumb\":{\"@id\":\"https:\/\/mzbi.hdonline.pt\/marcas\/#breadcrumb\"},\"inLanguage\":\"en-GB\",\"potentialAction\":[{\"@type\":\"ReadAction\",\"target\":[\"https:\/\/mzbi.hdonline.pt\/marcas\/\"]}]},{\"@type\":\"ImageObject\",\"inLanguage\":\"en-GB\",\"@id\":\"https:\/\/mzbi.hdonline.pt\/marcas\/#primaryimage\",\"url\":\"https:\/\/mzbi.hdonline.pt\/wp-content\/uploads\/elementor\/thumbs\/segafredo-e1590408622545-1024x953-black-qrthxn7gglokpyds9kzbi6ta21uyb7cxdbvj5ykqo0.png\",\"contentUrl\":\"https:\/\/mzbi.hdonline.pt\/wp-content\/uploads\/elementor\/thumbs\/segafredo-e1590408622545-1024x953-black-qrthxn7gglokpyds9kzbi6ta21uyb7cxdbvj5ykqo0.png\"},{\"@type\":\"BreadcrumbList\",\"@id\":\"https:\/\/mzbi.hdonline.pt\/marcas\/#breadcrumb\",\"itemListElement\":[{\"@type\":\"ListItem\",\"position\":1,\"name\":\"Home\",\"item\":\"https:\/\/mzbi.hdonline.pt\/\"},{\"@type\":\"ListItem\",\"position\":2,\"name\":\"Marcas\"}]},{\"@type\":\"WebSite\",\"@id\":\"https:\/\/mzbi.hdonline.pt\/#website\",\"url\":\"https:\/\/mzbi.hdonline.pt\/\",\"name\":\"MZBI - Massimo Zanetti Beverage Ib\u00e9ria\",\"description\":\"\",\"publisher\":{\"@id\":\"https:\/\/mzbi.hdonline.pt\/#organization\"},\"potentialAction\":[{\"@type\":\"SearchAction\",\"target\":{\"@type\":\"EntryPoint\",\"urlTemplate\":\"https:\/\/mzbi.hdonline.pt\/?s={search_term_string}\"},\"query-input\":{\"@type\":\"PropertyValueSpecification\",\"valueRequired\":true,\"valueName\":\"search_term_string\"}}],\"inLanguage\":\"en-GB\"},{\"@type\":\"Organization\",\"@id\":\"https:\/\/mzbi.hdonline.pt\/#organization\",\"name\":\"MZBI - Massimo Zanetti Beverage Ib\u00e9ria\",\"url\":\"https:\/\/mzbi.hdonline.pt\/\",\"logo\":{\"@type\":\"ImageObject\",\"inLanguage\":\"en-GB\",\"@id\":\"https:\/\/mzbi.hdonline.pt\/#\/schema\/logo\/image\/\",\"url\":\"https:\/\/mzbi.hdonline.pt\/wp-content\/uploads\/2024\/04\/cropped-logo-256-1.jpg\",\"contentUrl\":\"https:\/\/mzbi.hdonline.pt\/wp-content\/uploads\/2024\/04\/cropped-logo-256-1.jpg\",\"width\":256,\"height\":118,\"caption\":\"MZBI - Massimo Zanetti Beverage Ib\u00e9ria\"},\"image\":{\"@id\":\"https:\/\/mzbi.hdonline.pt\/#\/schema\/logo\/image\/\"}}]}<\/script>\n<!-- \/ Yoast SEO plugin. -->","yoast_head_json":{"title":"Marcas - MZBI - Massimo Zanetti Beverage Ib\u00e9ria","robots":{"index":"index","follow":"follow","max-snippet":"max-snippet:-1","max-image-preview":"max-image-preview:large","max-video-preview":"max-video-preview:-1"},"canonical":"https:\/\/mzbi.hdonline.pt\/en\/marcas\/","og_locale":"en_GB","og_type":"article","og_title":"Marcas - MZBI - Massimo Zanetti Beverage Ib\u00e9ria","og_description":"O ritual do caf\u00e9 \u00e9 necess\u00e1rio para enfrentar os desafios do dia a dia ou para tornar reuni\u00f5es e situa\u00e7\u00f5es em momentos especiais. A Segafredo tem trabalhado arduamente para garantir que o seu #SegafredoMoment seja sempre especial, onde quer que esteja. A Massimo Zanetti criou a Segafredo Zanetti, que se desenvolveu inicialmente em It\u00e1lia, onde [&hellip;]","og_url":"https:\/\/mzbi.hdonline.pt\/en\/marcas\/","og_site_name":"MZBI - Massimo Zanetti Beverage Ib\u00e9ria","article_modified_time":"2024-07-29T10:16:01+00:00","og_image":[{"url":"https:\/\/mzbi.hdonline.pt\/wp-content\/uploads\/elementor\/thumbs\/segafredo-e1590408622545-1024x953-black-qrthxn7gglokpyds9kzbi6ta21uyb7cxdbvj5ykqo0.png","type":"","width":"","height":""}],"twitter_card":"summary_large_image","twitter_misc":{"Estimated reading time":"3 minutes"},"schema":{"@context":"https:\/\/schema.org","@graph":[{"@type":"WebPage","@id":"https:\/\/mzbi.hdonline.pt\/marcas\/","url":"https:\/\/mzbi.hdonline.pt\/marcas\/","name":"Marcas - MZBI - Massimo Zanetti Beverage Ib\u00e9ria","isPartOf":{"@id":"https:\/\/mzbi.hdonline.pt\/#website"},"primaryImageOfPage":{"@id":"https:\/\/mzbi.hdonline.pt\/marcas\/#primaryimage"},"image":{"@id":"https:\/\/mzbi.hdonline.pt\/marcas\/#primaryimage"},"thumbnailUrl":"https:\/\/mzbi.hdonline.pt\/wp-content\/uploads\/elementor\/thumbs\/segafredo-e1590408622545-1024x953-black-qrthxn7gglokpyds9kzbi6ta21uyb7cxdbvj5ykqo0.png","datePublished":"2024-04-23T11:09:30+00:00","dateModified":"2024-07-29T10:16:01+00:00","breadcrumb":{"@id":"https:\/\/mzbi.hdonline.pt\/marcas\/#breadcrumb"},"inLanguage":"en-GB","potentialAction":[{"@type":"ReadAction","target":["https:\/\/mzbi.hdonline.pt\/marcas\/"]}]},{"@type":"ImageObject","inLanguage":"en-GB","@id":"https:\/\/mzbi.hdonline.pt\/marcas\/#primaryimage","url":"https:\/\/mzbi.hdonline.pt\/wp-content\/uploads\/elementor\/thumbs\/segafredo-e1590408622545-1024x953-black-qrthxn7gglokpyds9kzbi6ta21uyb7cxdbvj5ykqo0.png","contentUrl":"https:\/\/mzbi.hdonline.pt\/wp-content\/uploads\/elementor\/thumbs\/segafredo-e1590408622545-1024x953-black-qrthxn7gglokpyds9kzbi6ta21uyb7cxdbvj5ykqo0.png"},{"@type":"BreadcrumbList","@id":"https:\/\/mzbi.hdonline.pt\/marcas\/#breadcrumb","itemListElement":[{"@type":"ListItem","position":1,"name":"Home","item":"https:\/\/mzbi.hdonline.pt\/"},{"@type":"ListItem","position":2,"name":"Marcas"}]},{"@type":"WebSite","@id":"https:\/\/mzbi.hdonline.pt\/#website","url":"https:\/\/mzbi.hdonline.pt\/","name":"MZBI - Massimo Zanetti Beverage Ib\u00e9ria","description":"","publisher":{"@id":"https:\/\/mzbi.hdonline.pt\/#organization"},"potentialAction":[{"@type":"SearchAction","target":{"@type":"EntryPoint","urlTemplate":"https:\/\/mzbi.hdonline.pt\/?s={search_term_string}"},"query-input":{"@type":"PropertyValueSpecification","valueRequired":true,"valueName":"search_term_string"}}],"inLanguage":"en-GB"},{"@type":"Organization","@id":"https:\/\/mzbi.hdonline.pt\/#organization","name":"MZBI - Massimo Zanetti Beverage Ib\u00e9ria","url":"https:\/\/mzbi.hdonline.pt\/","logo":{"@type":"ImageObject","inLanguage":"en-GB","@id":"https:\/\/mzbi.hdonline.pt\/#\/schema\/logo\/image\/","url":"https:\/\/mzbi.hdonline.pt\/wp-content\/uploads\/2024\/04\/cropped-logo-256-1.jpg","contentUrl":"https:\/\/mzbi.hdonline.pt\/wp-content\/uploads\/2024\/04\/cropped-logo-256-1.jpg","width":256,"height":118,"caption":"MZBI - Massimo Zanetti Beverage Ib\u00e9ria"},"image":{"@id":"https:\/\/mzbi.hdonline.pt\/#\/schema\/logo\/image\/"}}]}},"_links":{"self":[{"href":"https:\/\/mzbi.hdonline.pt\/en\/wp-json\/wp\/v2\/pages\/48","targetHints":{"allow":["GET"]}}],"collection":[{"href":"https:\/\/mzbi.hdonline.pt\/en\/wp-json\/wp\/v2\/pages"}],"about":[{"href":"https:\/\/mzbi.hdonline.pt\/en\/wp-json\/wp\/v2\/types\/page"}],"author":[{"embeddable":true,"href":"https:\/\/mzbi.hdonline.pt\/en\/wp-json\/wp\/v2\/users\/1"}],"replies":[{"embeddable":true,"href":"https:\/\/mzbi.hdonline.pt\/en\/wp-json\/wp\/v2\/comments?post=48"}],"version-history":[{"count":7,"href":"https:\/\/mzbi.hdonline.pt\/en\/wp-json\/wp\/v2\/pages\/48\/revisions"}],"predecessor-version":[{"id":231,"href":"https:\/\/mzbi.hdonline.pt\/en\/wp-json\/wp\/v2\/pages\/48\/revisions\/231"}],"wp:attachment":[{"href":"https:\/\/mzbi.hdonline.pt\/en\/wp-json\/wp\/v2\/media?parent=48"}],"curies":[{"name":"wp","href":"https:\/\/api.w.org\/{rel}","templated":true}]}}