{"id":33,"date":"2024-04-23T11:04:39","date_gmt":"2024-04-23T11:04:39","guid":{"rendered":"https:\/\/mzbi.hdonline.pt\/?page_id=33"},"modified":"2024-07-29T10:06:43","modified_gmt":"2024-07-29T10:06:43","slug":"quem-somos","status":"publish","type":"page","link":"https:\/\/mzbi.hdonline.pt\/en\/quem-somos\/","title":{"rendered":"Quem Somos"},"content":{"rendered":"<div data-elementor-type=\"wp-page\" data-elementor-id=\"33\" class=\"elementor elementor-33\" data-elementor-post-type=\"page\">\n\t\t\t\t<div class=\"elementor-element elementor-element-90f1c18 e-con-full elementor-hidden-mobile e-flex e-con e-parent\" data-id=\"90f1c18\" data-element_type=\"container\" data-settings=\"{&quot;background_background&quot;:&quot;slideshow&quot;,&quot;background_slideshow_gallery&quot;:[{&quot;id&quot;:25,&quot;url&quot;:&quot;https:\\\/\\\/mzbi.hdonline.pt\\\/wp-content\\\/uploads\\\/2024\\\/04\\\/teste-home-banner-mzbi-1920-ziped.jpg&quot;},{&quot;id&quot;:148,&quot;url&quot;:&quot;https:\\\/\\\/mzbi.hdonline.pt\\\/wp-content\\\/uploads\\\/2024\\\/05\\\/16x9_07_logos.webp&quot;},{&quot;id&quot;:149,&quot;url&quot;:&quot;https:\\\/\\\/mzbi.hdonline.pt\\\/wp-content\\\/uploads\\\/2024\\\/05\\\/16x9_08_logos.webp&quot;}],&quot;background_slideshow_slide_duration&quot;:3500,&quot;background_slideshow_ken_burns&quot;:&quot;yes&quot;,&quot;background_slideshow_loop&quot;:&quot;yes&quot;,&quot;background_slideshow_slide_transition&quot;:&quot;fade&quot;,&quot;background_slideshow_transition_duration&quot;:500,&quot;background_slideshow_ken_burns_zoom_direction&quot;:&quot;in&quot;,&quot;background_motion_fx_devices&quot;:[&quot;desktop&quot;,&quot;tablet&quot;,&quot;mobile&quot;]}\">\n\t\t\t\t<\/div>\n\t\t<div class=\"elementor-element elementor-element-c429009 e-con-full elementor-hidden-desktop elementor-hidden-tablet e-flex e-con e-parent\" data-id=\"c429009\" data-element_type=\"container\" data-settings=\"{&quot;background_background&quot;:&quot;slideshow&quot;,&quot;background_slideshow_gallery&quot;:[{&quot;id&quot;:20,&quot;url&quot;:&quot;https:\\\/\\\/mzbi.hdonline.pt\\\/wp-content\\\/uploads\\\/2024\\\/04\\\/IMG_0803-Edit.jpg&quot;},{&quot;id&quot;:18,&quot;url&quot;:&quot;https:\\\/\\\/mzbi.hdonline.pt\\\/wp-content\\\/uploads\\\/2024\\\/04\\\/IMG_0796.jpg&quot;},{&quot;id&quot;:16,&quot;url&quot;:&quot;https:\\\/\\\/mzbi.hdonline.pt\\\/wp-content\\\/uploads\\\/2024\\\/04\\\/IMG_0704.jpg&quot;}],&quot;background_slideshow_slide_duration&quot;:3500,&quot;background_slideshow_loop&quot;:&quot;yes&quot;,&quot;background_slideshow_slide_transition&quot;:&quot;fade&quot;,&quot;background_slideshow_transition_duration&quot;:500,&quot;background_motion_fx_devices&quot;:[&quot;desktop&quot;,&quot;tablet&quot;,&quot;mobile&quot;]}\">\n\t\t\t\t<\/div>\n\t\t<div class=\"elementor-element elementor-element-6a705a7 e-flex e-con-boxed e-con e-parent\" data-id=\"6a705a7\" data-element_type=\"container\">\n\t\t\t\t\t<div class=\"e-con-inner\">\n\t\t<div class=\"elementor-element elementor-element-7dafef5 e-con-full e-flex e-con e-child\" data-id=\"7dafef5\" data-element_type=\"container\">\n\t\t\t\t<div class=\"elementor-element elementor-element-2ecccd0 elementor-widget elementor-widget-heading\" data-id=\"2ecccd0\" data-element_type=\"widget\" data-widget_type=\"heading.default\">\n\t\t\t\t<div class=\"elementor-widget-container\">\n\t\t\t\t\t<h2 class=\"elementor-heading-title elementor-size-default\">QUEM SOMOS<\/h2>\t\t\t\t<\/div>\n\t\t\t\t<\/div>\n\t\t\t\t<div class=\"elementor-element elementor-element-14dda68 elementor-widget elementor-widget-text-editor\" data-id=\"14dda68\" data-element_type=\"widget\" data-widget_type=\"text-editor.default\">\n\t\t\t\t<div class=\"elementor-widget-container\">\n\t\t\t\t\t\t\t\t\t<p>MZBI \u00e9 a sigla de Massimo Zanetti Beverage Ib\u00e9ria S.A. a empresa criada pelo Grupo Italiano com o mesmo nome, em 2017, para a produ\u00e7\u00e3o e comercializa\u00e7\u00e3o de caf\u00e9s na Pen\u00ednsula Ib\u00e9rica.<\/p><p>Em Portugal, a entrada do grupo fez-se atrav\u00e9s da fus\u00e3o entre a Segafredo Zanetti Portugal e a Nutricaf\u00e9s S.A. que \u00e0 data da fus\u00e3o era detentora das marcas Nicola e Chave D\u2019Ouro e, mais recentemente, com a aquisi\u00e7\u00e3o em 2019 dos caf\u00e9s Nandi. Com esta fus\u00e3o de marcas, todas j\u00e1 com posi\u00e7\u00f5es de lideran\u00e7a consolidadas, as capacidades tecnol\u00f3gicas e de produ\u00e7\u00e3o duplicaram, desde a torrefa\u00e7\u00e3o, moagem e embalagem \u00e0 distribui\u00e7\u00e3o.<\/p><p>A MZBI \u00e9 hoje uma das tr\u00eas maiores operadoras no mercado de bebidas portugu\u00eas fornecendo os canais de distribui\u00e7\u00e3o Food Service, Mass Market e Escrit\u00f3rios.<\/p><p>Massimo Zanetti Beverage Group (MZBG) \u00e9 uma holding fundada e presidida por Massimo Zanetti, composta por uma grande rede de empresas em constante e r\u00e1pido crescimento a n\u00edvel global, favoritas dos mais importantes distribuidores mundiais. A MZBG \u00e9 l\u00edder mundial no Caf\u00e9 Expresso e o grupo privado presente em mais pa\u00edses do mundo, contando com mais de 100,000 clientes espalhados por cinco continentes, focando a atividade das suas 20<br \/>torrefa\u00e7\u00f5es no desenvolvimento do conceito da cadeia do caf\u00e9 desde a planta at\u00e9 \u00e0 ch\u00e1vena. O grupo conta com mais de 54 subsidi\u00e1rias espalhadas pelo mundo com mais de 30 marcas locais e 400 boutiques de caf\u00e9 em 50 pa\u00edses.<\/p><p>Tudo isto \u00e9 poss\u00edvel gra\u00e7as ao maravilhoso conjunto de 3000 colaboradores espalhados pelo mundo que diariamente operam na MZB Group. Conhe\u00e7a melhor a MZBG:\u00a0<strong><span style=\"color: #1b5a93;\"><a style=\"color: #1b5a93;\" href=\"https:\/\/www.mzb-group.com\/en\/group\">Clique aqui!<\/a><\/span><\/strong><\/p>\t\t\t\t\t\t\t\t<\/div>\n\t\t\t\t<\/div>\n\t\t\t\t<\/div>\n\t\t\t\t\t<\/div>\n\t\t\t\t<\/div>\n\t\t\t\t<\/div>","protected":false},"excerpt":{"rendered":"<p>QUEM SOMOS MZBI \u00e9 a sigla de Massimo Zanetti Beverage Ib\u00e9ria S.A. a empresa criada pelo Grupo Italiano com o mesmo nome, em 2017, para a produ\u00e7\u00e3o e comercializa\u00e7\u00e3o de caf\u00e9s na Pen\u00ednsula Ib\u00e9rica. Em Portugal, a entrada do grupo fez-se atrav\u00e9s da fus\u00e3o entre a Segafredo Zanetti Portugal e a Nutricaf\u00e9s S.A. que \u00e0 [&hellip;]<\/p>","protected":false},"author":1,"featured_media":0,"parent":0,"menu_order":0,"comment_status":"closed","ping_status":"closed","template":"","meta":{"footnotes":""},"class_list":["post-33","page","type-page","status-publish","hentry"],"yoast_head":"<!-- This site is optimized with the Yoast SEO plugin v24.0 - https:\/\/yoast.com\/wordpress\/plugins\/seo\/ -->\n<title>Quem Somos - MZBI - Massimo Zanetti Beverage Ib\u00e9ria<\/title>\n<meta name=\"robots\" content=\"index, follow, max-snippet:-1, max-image-preview:large, max-video-preview:-1\" \/>\n<link rel=\"canonical\" href=\"https:\/\/mzbi.hdonline.pt\/en\/quem-somos\/\" \/>\n<meta property=\"og:locale\" content=\"en_GB\" \/>\n<meta property=\"og:type\" content=\"article\" \/>\n<meta property=\"og:title\" content=\"Quem Somos - MZBI - Massimo Zanetti Beverage Ib\u00e9ria\" \/>\n<meta property=\"og:description\" content=\"QUEM SOMOS MZBI \u00e9 a sigla de Massimo Zanetti Beverage Ib\u00e9ria S.A. a empresa criada pelo Grupo Italiano com o mesmo nome, em 2017, para a produ\u00e7\u00e3o e comercializa\u00e7\u00e3o de caf\u00e9s na Pen\u00ednsula Ib\u00e9rica. Em Portugal, a entrada do grupo fez-se atrav\u00e9s da fus\u00e3o entre a Segafredo Zanetti Portugal e a Nutricaf\u00e9s S.A. que \u00e0 [&hellip;]\" \/>\n<meta property=\"og:url\" content=\"https:\/\/mzbi.hdonline.pt\/en\/quem-somos\/\" \/>\n<meta property=\"og:site_name\" content=\"MZBI - Massimo Zanetti Beverage Ib\u00e9ria\" \/>\n<meta property=\"article:modified_time\" content=\"2024-07-29T10:06:43+00:00\" \/>\n<meta name=\"twitter:card\" content=\"summary_large_image\" \/>\n<meta name=\"twitter:label1\" content=\"Estimated reading time\" \/>\n\t<meta name=\"twitter:data1\" content=\"2 minutes\" \/>\n<script type=\"application\/ld+json\" class=\"yoast-schema-graph\">{\"@context\":\"https:\/\/schema.org\",\"@graph\":[{\"@type\":\"WebPage\",\"@id\":\"https:\/\/mzbi.hdonline.pt\/quem-somos\/\",\"url\":\"https:\/\/mzbi.hdonline.pt\/quem-somos\/\",\"name\":\"Quem Somos - MZBI - Massimo Zanetti Beverage Ib\u00e9ria\",\"isPartOf\":{\"@id\":\"https:\/\/mzbi.hdonline.pt\/#website\"},\"datePublished\":\"2024-04-23T11:04:39+00:00\",\"dateModified\":\"2024-07-29T10:06:43+00:00\",\"breadcrumb\":{\"@id\":\"https:\/\/mzbi.hdonline.pt\/quem-somos\/#breadcrumb\"},\"inLanguage\":\"en-GB\",\"potentialAction\":[{\"@type\":\"ReadAction\",\"target\":[\"https:\/\/mzbi.hdonline.pt\/quem-somos\/\"]}]},{\"@type\":\"BreadcrumbList\",\"@id\":\"https:\/\/mzbi.hdonline.pt\/quem-somos\/#breadcrumb\",\"itemListElement\":[{\"@type\":\"ListItem\",\"position\":1,\"name\":\"Home\",\"item\":\"https:\/\/mzbi.hdonline.pt\/\"},{\"@type\":\"ListItem\",\"position\":2,\"name\":\"Quem Somos\"}]},{\"@type\":\"WebSite\",\"@id\":\"https:\/\/mzbi.hdonline.pt\/#website\",\"url\":\"https:\/\/mzbi.hdonline.pt\/\",\"name\":\"MZBI - Massimo Zanetti Beverage Ib\u00e9ria\",\"description\":\"\",\"publisher\":{\"@id\":\"https:\/\/mzbi.hdonline.pt\/#organization\"},\"potentialAction\":[{\"@type\":\"SearchAction\",\"target\":{\"@type\":\"EntryPoint\",\"urlTemplate\":\"https:\/\/mzbi.hdonline.pt\/?s={search_term_string}\"},\"query-input\":{\"@type\":\"PropertyValueSpecification\",\"valueRequired\":true,\"valueName\":\"search_term_string\"}}],\"inLanguage\":\"en-GB\"},{\"@type\":\"Organization\",\"@id\":\"https:\/\/mzbi.hdonline.pt\/#organization\",\"name\":\"MZBI - Massimo Zanetti Beverage Ib\u00e9ria\",\"url\":\"https:\/\/mzbi.hdonline.pt\/\",\"logo\":{\"@type\":\"ImageObject\",\"inLanguage\":\"en-GB\",\"@id\":\"https:\/\/mzbi.hdonline.pt\/#\/schema\/logo\/image\/\",\"url\":\"https:\/\/mzbi.hdonline.pt\/wp-content\/uploads\/2024\/04\/cropped-logo-256-1.jpg\",\"contentUrl\":\"https:\/\/mzbi.hdonline.pt\/wp-content\/uploads\/2024\/04\/cropped-logo-256-1.jpg\",\"width\":256,\"height\":118,\"caption\":\"MZBI - Massimo Zanetti Beverage Ib\u00e9ria\"},\"image\":{\"@id\":\"https:\/\/mzbi.hdonline.pt\/#\/schema\/logo\/image\/\"}}]}<\/script>\n<!-- \/ Yoast SEO plugin. -->","yoast_head_json":{"title":"Quem Somos - MZBI - Massimo Zanetti Beverage Ib\u00e9ria","robots":{"index":"index","follow":"follow","max-snippet":"max-snippet:-1","max-image-preview":"max-image-preview:large","max-video-preview":"max-video-preview:-1"},"canonical":"https:\/\/mzbi.hdonline.pt\/en\/quem-somos\/","og_locale":"en_GB","og_type":"article","og_title":"Quem Somos - MZBI - Massimo Zanetti Beverage Ib\u00e9ria","og_description":"QUEM SOMOS MZBI \u00e9 a sigla de Massimo Zanetti Beverage Ib\u00e9ria S.A. a empresa criada pelo Grupo Italiano com o mesmo nome, em 2017, para a produ\u00e7\u00e3o e comercializa\u00e7\u00e3o de caf\u00e9s na Pen\u00ednsula Ib\u00e9rica. Em Portugal, a entrada do grupo fez-se atrav\u00e9s da fus\u00e3o entre a Segafredo Zanetti Portugal e a Nutricaf\u00e9s S.A. que \u00e0 [&hellip;]","og_url":"https:\/\/mzbi.hdonline.pt\/en\/quem-somos\/","og_site_name":"MZBI - Massimo Zanetti Beverage Ib\u00e9ria","article_modified_time":"2024-07-29T10:06:43+00:00","twitter_card":"summary_large_image","twitter_misc":{"Estimated reading time":"2 minutes"},"schema":{"@context":"https:\/\/schema.org","@graph":[{"@type":"WebPage","@id":"https:\/\/mzbi.hdonline.pt\/quem-somos\/","url":"https:\/\/mzbi.hdonline.pt\/quem-somos\/","name":"Quem Somos - MZBI - Massimo Zanetti Beverage Ib\u00e9ria","isPartOf":{"@id":"https:\/\/mzbi.hdonline.pt\/#website"},"datePublished":"2024-04-23T11:04:39+00:00","dateModified":"2024-07-29T10:06:43+00:00","breadcrumb":{"@id":"https:\/\/mzbi.hdonline.pt\/quem-somos\/#breadcrumb"},"inLanguage":"en-GB","potentialAction":[{"@type":"ReadAction","target":["https:\/\/mzbi.hdonline.pt\/quem-somos\/"]}]},{"@type":"BreadcrumbList","@id":"https:\/\/mzbi.hdonline.pt\/quem-somos\/#breadcrumb","itemListElement":[{"@type":"ListItem","position":1,"name":"Home","item":"https:\/\/mzbi.hdonline.pt\/"},{"@type":"ListItem","position":2,"name":"Quem Somos"}]},{"@type":"WebSite","@id":"https:\/\/mzbi.hdonline.pt\/#website","url":"https:\/\/mzbi.hdonline.pt\/","name":"MZBI - Massimo Zanetti Beverage Ib\u00e9ria","description":"","publisher":{"@id":"https:\/\/mzbi.hdonline.pt\/#organization"},"potentialAction":[{"@type":"SearchAction","target":{"@type":"EntryPoint","urlTemplate":"https:\/\/mzbi.hdonline.pt\/?s={search_term_string}"},"query-input":{"@type":"PropertyValueSpecification","valueRequired":true,"valueName":"search_term_string"}}],"inLanguage":"en-GB"},{"@type":"Organization","@id":"https:\/\/mzbi.hdonline.pt\/#organization","name":"MZBI - Massimo Zanetti Beverage Ib\u00e9ria","url":"https:\/\/mzbi.hdonline.pt\/","logo":{"@type":"ImageObject","inLanguage":"en-GB","@id":"https:\/\/mzbi.hdonline.pt\/#\/schema\/logo\/image\/","url":"https:\/\/mzbi.hdonline.pt\/wp-content\/uploads\/2024\/04\/cropped-logo-256-1.jpg","contentUrl":"https:\/\/mzbi.hdonline.pt\/wp-content\/uploads\/2024\/04\/cropped-logo-256-1.jpg","width":256,"height":118,"caption":"MZBI - Massimo Zanetti Beverage Ib\u00e9ria"},"image":{"@id":"https:\/\/mzbi.hdonline.pt\/#\/schema\/logo\/image\/"}}]}},"_links":{"self":[{"href":"https:\/\/mzbi.hdonline.pt\/en\/wp-json\/wp\/v2\/pages\/33","targetHints":{"allow":["GET"]}}],"collection":[{"href":"https:\/\/mzbi.hdonline.pt\/en\/wp-json\/wp\/v2\/pages"}],"about":[{"href":"https:\/\/mzbi.hdonline.pt\/en\/wp-json\/wp\/v2\/types\/page"}],"author":[{"embeddable":true,"href":"https:\/\/mzbi.hdonline.pt\/en\/wp-json\/wp\/v2\/users\/1"}],"replies":[{"embeddable":true,"href":"https:\/\/mzbi.hdonline.pt\/en\/wp-json\/wp\/v2\/comments?post=33"}],"version-history":[{"count":19,"href":"https:\/\/mzbi.hdonline.pt\/en\/wp-json\/wp\/v2\/pages\/33\/revisions"}],"predecessor-version":[{"id":209,"href":"https:\/\/mzbi.hdonline.pt\/en\/wp-json\/wp\/v2\/pages\/33\/revisions\/209"}],"wp:attachment":[{"href":"https:\/\/mzbi.hdonline.pt\/en\/wp-json\/wp\/v2\/media?parent=33"}],"curies":[{"name":"wp","href":"https:\/\/api.w.org\/{rel}","templated":true}]}}